{"id":1210,"date":"2023-04-06T10:49:52","date_gmt":"2023-04-06T08:49:52","guid":{"rendered":"https:\/\/guide-recherche-asso.info\/?page_id=1210"},"modified":"2023-04-06T11:01:19","modified_gmt":"2023-04-06T09:01:19","slug":"experiences","status":"publish","type":"page","link":"https:\/\/guide-recherche-asso.info\/index.php\/experiences\/","title":{"rendered":"Exp\u00e9riences"},"content":{"rendered":"\t\t<div data-elementor-type=\"wp-page\" data-elementor-id=\"1210\" class=\"elementor elementor-1210\" data-elementor-post-type=\"page\">\n\t\t\t\t\t\t<section class=\"elementor-section elementor-top-section elementor-element elementor-element-a3a1945 elementor-section-boxed elementor-section-height-default elementor-section-height-default\" data-id=\"a3a1945\" data-element_type=\"section\" data-e-type=\"section\">\n\t\t\t\t\t\t<div class=\"elementor-container elementor-column-gap-default\">\n\t\t\t\t\t<div class=\"elementor-column elementor-col-100 elementor-top-column elementor-element elementor-element-0f87fcd\" data-id=\"0f87fcd\" data-element_type=\"column\" data-e-type=\"column\">\n\t\t\t<div class=\"elementor-widget-wrap elementor-element-populated\">\n\t\t\t\t\t\t<div class=\"elementor-element elementor-element-d5ec519 elementor-widget elementor-widget-heading\" data-id=\"d5ec519\" data-element_type=\"widget\" data-e-type=\"widget\" data-widget_type=\"heading.default\">\n\t\t\t\t<div class=\"elementor-widget-container\">\n\t\t\t\t\t<h2 class=\"elementor-heading-title elementor-size-default\">exp\u00e9riences<\/h2>\t\t\t\t<\/div>\n\t\t\t\t<\/div>\n\t\t\t\t\t<\/div>\n\t\t<\/div>\n\t\t\t\t\t<\/div>\n\t\t<\/section>\n\t\t\t\t<section class=\"elementor-section elementor-top-section elementor-element elementor-element-e4a9fef elementor-section-boxed elementor-section-height-default elementor-section-height-default\" data-id=\"e4a9fef\" data-element_type=\"section\" data-e-type=\"section\">\n\t\t\t\t\t\t<div class=\"elementor-container elementor-column-gap-default\">\n\t\t\t\t\t<div class=\"elementor-column elementor-col-100 elementor-top-column elementor-element elementor-element-7ae6e5b\" data-id=\"7ae6e5b\" data-element_type=\"column\" data-e-type=\"column\">\n\t\t\t<div class=\"elementor-widget-wrap elementor-element-populated\">\n\t\t\t\t\t\t<div class=\"elementor-element elementor-element-4b53ee5 elementor-widget elementor-widget-image\" data-id=\"4b53ee5\" data-element_type=\"widget\" data-e-type=\"widget\" data-widget_type=\"image.default\">\n\t\t\t\t<div class=\"elementor-widget-container\">\n\t\t\t\t\t\t\t\t\t\t\t\t\t\t\t<img decoding=\"async\" src=\"https:\/\/guide-recherche-asso.info\/wp-content\/uploads\/2023\/01\/B4W-GDR-Banderole-Comprendre.png\" title=\"\" alt=\"\" loading=\"lazy\" \/>\t\t\t\t\t\t\t\t\t\t\t\t\t\t\t<\/div>\n\t\t\t\t<\/div>\n\t\t\t\t\t<\/div>\n\t\t<\/div>\n\t\t\t\t\t<\/div>\n\t\t<\/section>\n\t\t\t\t<section class=\"elementor-section elementor-top-section elementor-element elementor-element-705e9fa elementor-section-boxed elementor-section-height-default elementor-section-height-default\" data-id=\"705e9fa\" data-element_type=\"section\" data-e-type=\"section\">\n\t\t\t\t\t\t<div class=\"elementor-container elementor-column-gap-default\">\n\t\t\t\t\t<div class=\"elementor-column elementor-col-100 elementor-top-column elementor-element elementor-element-a68bb2b\" data-id=\"a68bb2b\" data-element_type=\"column\" data-e-type=\"column\">\n\t\t\t<div class=\"elementor-widget-wrap elementor-element-populated\">\n\t\t\t\t\t\t<div class=\"elementor-element elementor-element-e8477c7 elementor-widget elementor-widget-text-editor\" data-id=\"e8477c7\" data-element_type=\"widget\" data-e-type=\"widget\" data-widget_type=\"text-editor.default\">\n\t\t\t\t<div class=\"elementor-widget-container\">\n\t\t\t\t\t\t\t\t\t<p>Afin d\u2019atteindre <a href=\"https:\/\/guide-recherche-asso.info\/index.php\/objectifs\/\" target=\"_blank\" rel=\"noopener\">son objectif<\/a>\u00a0de recherche, le chercheur va tester <a href=\"https:\/\/guide-recherche-asso.info\/index.php\/questions-et-hypotheses-de-recherche\/\" target=\"_blank\" rel=\"noopener\">une hypoth\u00e8se<\/a> \u00e0 l\u2019aide d\u2019une ou plusieurs <a href=\"https:\/\/guide-recherche-asso.info\/index.php\/methodologies\/\" target=\"_blank\" rel=\"noopener\">m\u00e9thodologies<\/a> qui vont dicter son exp\u00e9rimentation.<\/p><p>\u00a0<\/p><p>Certaines m\u00e9thodologies rel\u00e8vent de l\u2019observation mais d\u2019autres recourent d\u00e9lib\u00e9r\u00e9ment \u00e0 l\u2019exp\u00e9rience. On parle alors de d\u00e9marche exp\u00e9rimentale, dans laquelle le chercheur observe les effets de la modulation d\u2019un ou plusieurs param\u00e8tres du ph\u00e9nom\u00e8ne qu\u2019il \u00e9tudie.<\/p><p>Chaque param\u00e8tre est consid\u00e9r\u00e9 aussi pr\u00e9cis\u00e9ment et ind\u00e9pendamment que possible, \u00ab\u00a0toutes choses \u00e9tant \u00e9gales par ailleurs\u00a0\u00bb (ou \u2018<em>Ceteris paribus\u2019 <\/em>pour les latinistes). En effet, il est plus facile d\u2019\u00e9tudier l\u2019impact exact de X sur Y si l\u2019environnement de Y ne varie pas. Un exemple pour nos amis p\u00e2tissiers\u00a0: temps de pousse et temp\u00e9rature ayant un impact sur le levage de la p\u00e2te \u00e0 pain, il me sera plus facile de trouver le bon temps de levage d\u2019une p\u00e2te \u00e0 pain si la temp\u00e9rature de ma pi\u00e8ce est stable\u00a0; au contraire, plus je modifie de param\u00e8tres en m\u00eame temps (temps de pousse, temp\u00e9rature de la pi\u00e8ce, quantit\u00e9 de levure\u2026) plus il sera complexe de mesurer exactement l\u2019impact du seul temps de pousse sur ma p\u00e2te \u00e0 pain.<\/p><p>N\u00e9anmoins, les exp\u00e9rimentations sur le vivant rendent cette affirmation difficile \u00e0 respecter\u00a0: aucun \u00eatre vivant n\u2019est strictement identique \u00e0 ses semblables, ou n\u2019\u00e9volue dans un environnement totalement contr\u00f4l\u00e9\u00a0! Ce qui explique que certaines d\u00e9couvertes soient parfois \u00ab\u00a0revues\u00a0\u00bb \u00e0 l\u2019aune de connaissances plus pr\u00e9cises, acquises plus r\u00e9cemment, dans un environnement mieux contr\u00f4l\u00e9 ou mieux compris.<\/p><p>\u00a0<\/p><p>Afin de tenir compte de cette variabilit\u00e9 inh\u00e9rente au vivant, les chercheurs font appel \u00e0 la r\u00e9p\u00e9tition ou reproduction de leurs exp\u00e9rimentations\u00a0: ils r\u00e9alisent les m\u00eames exp\u00e9riences, autant que possible dans les m\u00eames conditions, sur diff\u00e9rents sujets, afin d\u2019extrapoler leurs conclusions \u00e0 l\u2019\u00e9chelle de toute la population \u00e9tudi\u00e9e. On parle alors de nombre d\u2019inclusions (nombre de sujets \u00e9tudi\u00e9s) ou de \u2018n\u2019 (nombre de fois o\u00f9 une condition donn\u00e9e a \u00e9t\u00e9 observ\u00e9e). La reproductibilit\u00e9 des exp\u00e9rimentations d\u2019une \u00e9quipe est \u00e9galement \u00e9valu\u00e9e par la capacit\u00e9 de ses pairs \u00e0 obtenir les m\u00eames r\u00e9sultats en suivant le m\u00eame protocole de recherche.<\/p><p>\u00a0<\/p><p>Les exp\u00e9riences de laboratoire consistent donc \u00e0 reproduire un ph\u00e9nom\u00e8ne, dans des conditions aussi ma\u00eetris\u00e9es que possible, et \u00e0 comparer\u00a0les observations effectu\u00e9es :<\/p><ul><li>Sans modulation des param\u00e8tres \u00e9tudi\u00e9s<\/li><\/ul><p style=\"padding-left: 40px;\">On parle alors de \u00ab\u00a0contr\u00f4le\u00a0\u00bb ou de \u00ab\u00a0t\u00e9moin\u00a0\u00bb (manip contr\u00f4le, condition contr\u00f4le, souris contr\u00f4le\u2026). C\u2019est la condition qui servira de r\u00e9f\u00e9rentiel pour observer l\u2019impact de la modulation des param\u00e8tres.<\/p><ul><li>Avec une modulation de chaque param\u00e8tre \u00e9tudi\u00e9<\/li><\/ul><p style=\"padding-left: 40px;\">On observera ici l\u2019impact de chacun des param\u00e8tres ind\u00e9pendamment.<\/p><ul><li>Avec une modulation concomitante de plusieurs param\u00e8tres \u00e9tudi\u00e9s<\/li><\/ul><p style=\"padding-left: 40px;\">On cherchera ici \u00e0 observer des effets synergiques\u00a0: certains param\u00e8tres biologiques ont plus d\u2019impact ensemble que s\u00e9par\u00e9s.<\/p><p>\u00a0<\/p><p>Cette comparaison n\u00e9cessite d\u2019avoir bien caract\u00e9ris\u00e9 son \u00ab\u00a0contr\u00f4le\u00a0\u00bb afin de d\u00e9finir ce qui va diff\u00e9rer dans les conditions \u2018test\u2019. Ainsi, on comprend pourquoi il est essentiel d\u2019avoir caract\u00e9ris\u00e9 par exemple\u00a0les m\u00e9canismes physiologiques \u00e0 l\u2019\u0153uvre dans une cellule non malade lorsque l\u2019on veut \u00e9tudier l\u2019impact de la mutation d\u2019un g\u00e8ne. Par exemple, pour comprendre l\u2019impact de la mutation du g\u00e8ne CFTR, il est n\u00e9cessaire, au pr\u00e9alable de comprendre son r\u00f4le dans les \u00e9changes d\u2019ions \u00e0 la membrane.<\/p><p>\u00a0<\/p><p>Cette comparaison n\u00e9cessite \u00e9galement d\u2019avoir finement caract\u00e9ris\u00e9 le ph\u00e9nom\u00e8ne \u00e9tudi\u00e9 (la maladie rare). Ainsi, lorsque les mod\u00e8les biologiques des maladies rares pr\u00e9sentent un sympt\u00f4me visible \u00e9vident (perte de motricit\u00e9, mortalit\u00e9, diminution des interactions sociales\u2026), il est alors possible d\u2019observer l\u2019\u00e9volution de ce sympt\u00f4me apr\u00e8s modulation des param\u00e8tres \u00e9tudi\u00e9s (administration d\u2019une nouvelle mol\u00e9cule par ex.).<\/p><p>N\u00e9anmoins, sans sympt\u00f4me visible \u00e9vident, le chercheur doit alors \u00eatre en mesure de caract\u00e9riser, pr\u00e9alablement \u00e0 son exp\u00e9rimentation, au sein du mod\u00e8le biologique \u00e9tudi\u00e9, un ph\u00e9nom\u00e8ne quantifiable et sp\u00e9cifique de la maladie. On parlera de \u00ab\u00a0readout\u00a0\u00bb ou de biomarqueur. La d\u00e9couverte de ce readout\/marqueur implique que le mod\u00e8le biologique de la maladie ait \u00e9t\u00e9 \u00e9tudi\u00e9 finement\u00a0; la caract\u00e9risation d\u2019un mod\u00e8le de souris peut ainsi prendre plusieurs mois afin de trouver un readout sp\u00e9cifique de la maladie et repr\u00e9sentatif des sympt\u00f4mes pr\u00e9sents chez les personnes atteintes.<\/p><p>\u00a0<\/p><p>L\u2019interpr\u00e9tation des r\u00e9sultats sera complexifi\u00e9e par la variabilit\u00e9 intrins\u00e8que du ph\u00e9nom\u00e8ne \u00e9tudi\u00e9 et le nombre de param\u00e8tres modul\u00e9s. On fera alors appel aux statistiques dans l\u2019analyse et <a href=\"https:\/\/guide-recherche-asso.info\/index.php\/analyse-et-interpretation\/\" target=\"_blank\" rel=\"noopener\">l\u2019interpr\u00e9tation des r\u00e9sultats<\/a>.<\/p>\t\t\t\t\t\t\t\t<\/div>\n\t\t\t\t<\/div>\n\t\t\t\t\t<\/div>\n\t\t<\/div>\n\t\t\t\t\t<\/div>\n\t\t<\/section>\n\t\t\t\t<section class=\"elementor-section elementor-top-section elementor-element elementor-element-f114759 elementor-section-boxed elementor-section-height-default elementor-section-height-default\" data-id=\"f114759\" data-element_type=\"section\" data-e-type=\"section\">\n\t\t\t\t\t\t<div class=\"elementor-container elementor-column-gap-default\">\n\t\t\t\t\t<div class=\"elementor-column elementor-col-100 elementor-top-column elementor-element elementor-element-ea17fc6\" data-id=\"ea17fc6\" data-element_type=\"column\" data-e-type=\"column\">\n\t\t\t<div class=\"elementor-widget-wrap elementor-element-populated\">\n\t\t\t\t\t\t<div class=\"elementor-element elementor-element-ffede38 elementor-widget elementor-widget-image\" data-id=\"ffede38\" data-element_type=\"widget\" data-e-type=\"widget\" data-widget_type=\"image.default\">\n\t\t\t\t<div class=\"elementor-widget-container\">\n\t\t\t\t\t\t\t\t\t\t\t\t\t\t\t<img decoding=\"async\" src=\"https:\/\/guide-recherche-asso.info\/wp-content\/uploads\/2023\/01\/B4W-GDR-Banderole-Simpliquer.png\" title=\"\" alt=\"\" loading=\"lazy\" \/>\t\t\t\t\t\t\t\t\t\t\t\t\t\t\t<\/div>\n\t\t\t\t<\/div>\n\t\t\t\t\t<\/div>\n\t\t<\/div>\n\t\t\t\t\t<\/div>\n\t\t<\/section>\n\t\t\t\t<section class=\"elementor-section elementor-top-section elementor-element elementor-element-50a4f93 elementor-section-boxed elementor-section-height-default elementor-section-height-default\" data-id=\"50a4f93\" data-element_type=\"section\" data-e-type=\"section\">\n\t\t\t\t\t\t<div class=\"elementor-container elementor-column-gap-default\">\n\t\t\t\t\t<div class=\"elementor-column elementor-col-100 elementor-top-column elementor-element elementor-element-d37fa54\" data-id=\"d37fa54\" data-element_type=\"column\" data-e-type=\"column\">\n\t\t\t<div class=\"elementor-widget-wrap elementor-element-populated\">\n\t\t\t\t\t\t<div class=\"elementor-element elementor-element-cab7785 elementor-widget elementor-widget-text-editor\" data-id=\"cab7785\" data-element_type=\"widget\" data-e-type=\"widget\" data-widget_type=\"text-editor.default\">\n\t\t\t\t<div class=\"elementor-widget-container\">\n\t\t\t\t\t\t\t\t\t<p>Un patient co-chercheur peut contribuer aux exp\u00e9riences comme partenaire des chercheurs. De par sa connaissance de la maladie, son expertise peut \u00eatre pr\u00e9cieuse pour orienter le choix des readout, le choix des param\u00e8tres \u00e0 \u00e9tudier, la faisabilit\u00e9 du nombre d\u2019inclusions pr\u00e9vu, aider au recrutement&#8230; Mais il peut \u00e9galement intervenir lors de captations d\u2019exp\u00e9riences ou d\u2019analyse des r\u00e9sultats pour \u00e9clairer les donn\u00e9es obtenues.<\/p><p>\u00a0<\/p><p>Pour se mettre dans la peau d\u2019un chercheur et r\u00e9aliser des exp\u00e9riences de laboratoire, plusieurs dispositifs existent, parmi lesquels (sans ordre de pr\u00e9f\u00e9rence) :<\/p><p><a href=\"https:\/\/www.ecole-adn.fr\/?page_id=188\">https:\/\/www.ecole-adn.fr\/?page_id=188<\/a><\/p><p><a href=\"https:\/\/visitesinsolites.cnrs.fr\/\">https:\/\/visitesinsolites.cnrs.fr\/<\/a><\/p><p><a href=\"https:\/\/www.fetedelascience.fr\/\">https:\/\/www.fetedelascience.fr\/<\/a><\/p><p><a href=\"https:\/\/compare.aphp.fr\/je-participe\/\">https:\/\/compare.aphp.fr\/je-participe\/<\/a><\/p>\t\t\t\t\t\t\t\t<\/div>\n\t\t\t\t<\/div>\n\t\t\t\t\t<\/div>\n\t\t<\/div>\n\t\t\t\t\t<\/div>\n\t\t<\/section>\n\t\t\t\t<section class=\"elementor-section elementor-top-section elementor-element elementor-element-edd95a8 elementor-section-boxed elementor-section-height-default elementor-section-height-default\" data-id=\"edd95a8\" data-element_type=\"section\" data-e-type=\"section\">\n\t\t\t\t\t\t<div class=\"elementor-container elementor-column-gap-default\">\n\t\t\t\t\t<div class=\"elementor-column elementor-col-100 elementor-top-column elementor-element elementor-element-8a7e2c5\" data-id=\"8a7e2c5\" data-element_type=\"column\" data-e-type=\"column\">\n\t\t\t<div class=\"elementor-widget-wrap elementor-element-populated\">\n\t\t\t\t\t\t<div class=\"elementor-element elementor-element-e750b66 elementor-widget elementor-widget-image\" data-id=\"e750b66\" data-element_type=\"widget\" data-e-type=\"widget\" data-widget_type=\"image.default\">\n\t\t\t\t<div class=\"elementor-widget-container\">\n\t\t\t\t\t\t\t\t\t\t\t\t\t\t\t<img decoding=\"async\" src=\"https:\/\/guide-recherche-asso.info\/wp-content\/uploads\/2023\/01\/B4W-GDR-Banderole-Temoigner.png\" title=\"\" alt=\"\" loading=\"lazy\" \/>\t\t\t\t\t\t\t\t\t\t\t\t\t\t\t<\/div>\n\t\t\t\t<\/div>\n\t\t\t\t\t<\/div>\n\t\t<\/div>\n\t\t\t\t\t<\/div>\n\t\t<\/section>\n\t\t\t\t<section class=\"elementor-section elementor-top-section elementor-element elementor-element-ef4b7bd elementor-section-boxed elementor-section-height-default elementor-section-height-default\" data-id=\"ef4b7bd\" data-element_type=\"section\" data-e-type=\"section\">\n\t\t\t\t\t\t<div class=\"elementor-container elementor-column-gap-default\">\n\t\t\t\t\t<div class=\"elementor-column elementor-col-100 elementor-top-column elementor-element elementor-element-c7a92cc\" data-id=\"c7a92cc\" data-element_type=\"column\" data-e-type=\"column\">\n\t\t\t<div class=\"elementor-widget-wrap elementor-element-populated\">\n\t\t\t\t\t\t<div class=\"elementor-element elementor-element-f998bda elementor-widget elementor-widget-text-editor\" data-id=\"f998bda\" data-element_type=\"widget\" data-e-type=\"widget\" data-widget_type=\"text-editor.default\">\n\t\t\t\t<div class=\"elementor-widget-container\">\n\t\t\t\t\t\t\t\t\t<p><em>T\u00e9moignages \u00e0 venir.<\/em><\/p><p><em>Si vous souhaitez t\u00e9moigner, n&rsquo;h\u00e9sitez pas \u00e0 nous contacter.<\/em><\/p>\t\t\t\t\t\t\t\t<\/div>\n\t\t\t\t<\/div>\n\t\t\t\t\t<\/div>\n\t\t<\/div>\n\t\t\t\t\t<\/div>\n\t\t<\/section>\n\t\t\t\t<section class=\"elementor-section elementor-top-section elementor-element elementor-element-d414c30 elementor-section-boxed elementor-section-height-default elementor-section-height-default\" data-id=\"d414c30\" data-element_type=\"section\" data-e-type=\"section\">\n\t\t\t\t\t\t<div class=\"elementor-container elementor-column-gap-default\">\n\t\t\t\t\t<div class=\"elementor-column elementor-col-100 elementor-top-column elementor-element elementor-element-de6bf7c\" data-id=\"de6bf7c\" data-element_type=\"column\" data-e-type=\"column\">\n\t\t\t<div class=\"elementor-widget-wrap elementor-element-populated\">\n\t\t\t\t\t\t<div class=\"elementor-element elementor-element-6a216f0 elementor-widget elementor-widget-spacer\" data-id=\"6a216f0\" data-element_type=\"widget\" data-e-type=\"widget\" data-widget_type=\"spacer.default\">\n\t\t\t\t<div class=\"elementor-widget-container\">\n\t\t\t\t\t\t\t<div class=\"elementor-spacer\">\n\t\t\t<div class=\"elementor-spacer-inner\"><\/div>\n\t\t<\/div>\n\t\t\t\t\t\t<\/div>\n\t\t\t\t<\/div>\n\t\t\t\t\t<\/div>\n\t\t<\/div>\n\t\t\t\t\t<\/div>\n\t\t<\/section>\n\t\t\t\t<\/div>\n\t\t","protected":false},"excerpt":{"rendered":"<p>exp\u00e9riences Afin d\u2019atteindre son objectif\u00a0de recherche, le chercheur va tester une hypoth\u00e8se \u00e0 l\u2019aide d\u2019une ou plusieurs m\u00e9thodologies qui vont dicter son exp\u00e9rimentation. \u00a0 Certaines m\u00e9thodologies rel\u00e8vent de l\u2019observation mais d\u2019autres recourent d\u00e9lib\u00e9r\u00e9ment \u00e0 l\u2019exp\u00e9rience. On parle alors de d\u00e9marche exp\u00e9rimentale, dans laquelle le chercheur observe les effets de la modulation d\u2019un ou plusieurs param\u00e8tres [&hellip;]<\/p>\n","protected":false},"author":1,"featured_media":0,"parent":0,"menu_order":0,"comment_status":"closed","ping_status":"closed","template":"","meta":{"footnotes":""},"class_list":["post-1210","page","type-page","status-publish","hentry"],"_links":{"self":[{"href":"https:\/\/guide-recherche-asso.info\/index.php\/wp-json\/wp\/v2\/pages\/1210","targetHints":{"allow":["GET"]}}],"collection":[{"href":"https:\/\/guide-recherche-asso.info\/index.php\/wp-json\/wp\/v2\/pages"}],"about":[{"href":"https:\/\/guide-recherche-asso.info\/index.php\/wp-json\/wp\/v2\/types\/page"}],"author":[{"embeddable":true,"href":"https:\/\/guide-recherche-asso.info\/index.php\/wp-json\/wp\/v2\/users\/1"}],"replies":[{"embeddable":true,"href":"https:\/\/guide-recherche-asso.info\/index.php\/wp-json\/wp\/v2\/comments?post=1210"}],"version-history":[{"count":10,"href":"https:\/\/guide-recherche-asso.info\/index.php\/wp-json\/wp\/v2\/pages\/1210\/revisions"}],"predecessor-version":[{"id":1223,"href":"https:\/\/guide-recherche-asso.info\/index.php\/wp-json\/wp\/v2\/pages\/1210\/revisions\/1223"}],"wp:attachment":[{"href":"https:\/\/guide-recherche-asso.info\/index.php\/wp-json\/wp\/v2\/media?parent=1210"}],"curies":[{"name":"wp","href":"https:\/\/api.w.org\/{rel}","templated":true}]}}