{"id":1382,"date":"2023-06-12T07:41:36","date_gmt":"2023-06-12T05:41:36","guid":{"rendered":"https:\/\/guide-recherche-asso.info\/?page_id=1382"},"modified":"2023-10-12T10:00:12","modified_gmt":"2023-10-12T08:00:12","slug":"valorisation-et-transfert","status":"publish","type":"page","link":"https:\/\/guide-recherche-asso.info\/index.php\/valorisation-et-transfert\/","title":{"rendered":"Valorisation et transfert"},"content":{"rendered":"\t\t<div data-elementor-type=\"wp-page\" data-elementor-id=\"1382\" class=\"elementor elementor-1382\" data-elementor-post-type=\"page\">\n\t\t\t\t\t\t<section class=\"elementor-section elementor-top-section elementor-element elementor-element-a3a1945 elementor-section-boxed elementor-section-height-default elementor-section-height-default\" data-id=\"a3a1945\" data-element_type=\"section\" data-e-type=\"section\">\n\t\t\t\t\t\t<div class=\"elementor-container elementor-column-gap-default\">\n\t\t\t\t\t<div class=\"elementor-column elementor-col-100 elementor-top-column elementor-element elementor-element-0f87fcd\" data-id=\"0f87fcd\" data-element_type=\"column\" data-e-type=\"column\">\n\t\t\t<div class=\"elementor-widget-wrap elementor-element-populated\">\n\t\t\t\t\t\t<div class=\"elementor-element elementor-element-d5ec519 elementor-widget elementor-widget-heading\" data-id=\"d5ec519\" data-element_type=\"widget\" data-e-type=\"widget\" data-widget_type=\"heading.default\">\n\t\t\t\t<div class=\"elementor-widget-container\">\n\t\t\t\t\t<h2 class=\"elementor-heading-title elementor-size-default\">Valorisation et transfert des r\u00e9sultats de la recherche acad\u00e9mique<\/h2>\t\t\t\t<\/div>\n\t\t\t\t<\/div>\n\t\t\t\t\t<\/div>\n\t\t<\/div>\n\t\t\t\t\t<\/div>\n\t\t<\/section>\n\t\t\t\t<section class=\"elementor-section elementor-top-section elementor-element elementor-element-e4a9fef elementor-section-boxed elementor-section-height-default elementor-section-height-default\" data-id=\"e4a9fef\" data-element_type=\"section\" data-e-type=\"section\">\n\t\t\t\t\t\t<div class=\"elementor-container elementor-column-gap-default\">\n\t\t\t\t\t<div class=\"elementor-column elementor-col-100 elementor-top-column elementor-element elementor-element-7ae6e5b\" data-id=\"7ae6e5b\" data-element_type=\"column\" data-e-type=\"column\">\n\t\t\t<div class=\"elementor-widget-wrap elementor-element-populated\">\n\t\t\t\t\t\t<div class=\"elementor-element elementor-element-4b53ee5 elementor-widget elementor-widget-image\" data-id=\"4b53ee5\" data-element_type=\"widget\" data-e-type=\"widget\" data-widget_type=\"image.default\">\n\t\t\t\t<div class=\"elementor-widget-container\">\n\t\t\t\t\t\t\t\t\t\t\t\t\t\t\t<img decoding=\"async\" src=\"https:\/\/guide-recherche-asso.info\/wp-content\/uploads\/2023\/01\/B4W-GDR-Banderole-Comprendre.png\" title=\"\" alt=\"\" loading=\"lazy\" \/>\t\t\t\t\t\t\t\t\t\t\t\t\t\t\t<\/div>\n\t\t\t\t<\/div>\n\t\t\t\t\t<\/div>\n\t\t<\/div>\n\t\t\t\t\t<\/div>\n\t\t<\/section>\n\t\t\t\t<section class=\"elementor-section elementor-top-section elementor-element elementor-element-705e9fa elementor-section-boxed elementor-section-height-default elementor-section-height-default\" data-id=\"705e9fa\" data-element_type=\"section\" data-e-type=\"section\">\n\t\t\t\t\t\t<div class=\"elementor-container elementor-column-gap-default\">\n\t\t\t\t\t<div class=\"elementor-column elementor-col-100 elementor-top-column elementor-element elementor-element-a68bb2b\" data-id=\"a68bb2b\" data-element_type=\"column\" data-e-type=\"column\">\n\t\t\t<div class=\"elementor-widget-wrap elementor-element-populated\">\n\t\t\t\t\t\t<div class=\"elementor-element elementor-element-e8477c7 elementor-widget elementor-widget-text-editor\" data-id=\"e8477c7\" data-element_type=\"widget\" data-e-type=\"widget\" data-widget_type=\"text-editor.default\">\n\t\t\t\t<div class=\"elementor-widget-container\">\n\t\t\t\t\t\t\t\t\t<p><em>\u00ab Il n\u2019y a pas de recherche appliqu\u00e9e, il n\u2019y a que des applications de la recherche fondamentale. \u00bb \u2014 Louis Pasteur<\/em><\/p>\t\t\t\t\t\t\t\t<\/div>\n\t\t\t\t<\/div>\n\t\t\t\t\t<\/div>\n\t\t<\/div>\n\t\t\t\t\t<\/div>\n\t\t<\/section>\n\t\t\t\t<section class=\"elementor-section elementor-top-section elementor-element elementor-element-f7c11c3 elementor-section-boxed elementor-section-height-default elementor-section-height-default\" data-id=\"f7c11c3\" data-element_type=\"section\" data-e-type=\"section\">\n\t\t\t\t\t\t<div class=\"elementor-container elementor-column-gap-default\">\n\t\t\t\t\t<div class=\"elementor-column elementor-col-100 elementor-top-column elementor-element elementor-element-59abde4\" data-id=\"59abde4\" data-element_type=\"column\" data-e-type=\"column\">\n\t\t\t<div class=\"elementor-widget-wrap elementor-element-populated\">\n\t\t\t\t\t\t<div class=\"elementor-element elementor-element-6fd4e38 elementor-widget elementor-widget-text-editor\" data-id=\"6fd4e38\" data-element_type=\"widget\" data-e-type=\"widget\" data-widget_type=\"text-editor.default\">\n\t\t\t\t<div class=\"elementor-widget-container\">\n\t\t\t\t\t\t\t\t\t<p><strong>VALORISER<\/strong><\/p><p><em>Diffuser, prot\u00e9ger et maturer l\u2019invention<\/em><\/p><p>Une fois les r\u00e9sultats de recherche obtenus, ils sont amen\u00e9s \u00e0 \u00eatre valoris\u00e9s, c\u2019est \u00e0 dire \u00e0 prendre de la valeur.<\/p><p>Cette valorisation est souvent pens\u00e9e en termes \u00e9conomiques mais la valorisation peut aussi \u00eatre scientifique, sociale, culturelle\u2026 selon le domaine du projet de recherche (biom\u00e9dical, param\u00e9dical, sciences humaines et sociales).<\/p><p>Dans le cas de projets de recherche biom\u00e9dicaux dans les maladies rares, la valorisation sera plus g\u00e9n\u00e9ralement\u00a0:<\/p><ul><li>Scientifique\u00a0: \u00e0 travers <a href=\"https:\/\/guide-recherche-asso.info\/index.php\/diffuser-la-recherche\/\" target=\"_blank\" rel=\"noopener\">la diffusion<\/a>\u00a0des r\u00e9sultats de la recherche. Cette valorisation participera au rayonnement des partenaires impliqu\u00e9s dans le projet ou encore au d\u00e9veloppement de nouvelles collaborations.<\/li><li>M\u00e9dico-sociale\u00a0: \u00e0 travers les changements de pratiques et recommandations qui peuvent \u00eatre \u00e9mises sur la base des r\u00e9sultats de la recherche, par exemple en termes de parcours diagnostic ou de recommandations de traitement au sein d\u2019un Protocole National de Diagnostique et de Soins (PNDS) mais aussi en termes de parcours de vie, scolarit\u00e9, dossier MDPH&#8230; Cette valorisation participera \u00e0 la transformation soci\u00e9tale en r\u00e9ponse \u00e0 des besoins pas ou mal satisfaits.<\/li><li id=\"POC\">\u00c9conomique\u00a0: \u00e0 travers le d\u00e9p\u00f4t de titres de propri\u00e9t\u00e9 intellectuelle (qui recouvre la propri\u00e9t\u00e9 industrielle et la propri\u00e9t\u00e9 litt\u00e9raire et artistique). Cette valorisation participera \u00e0 soutenir le d\u00e9veloppement \u00e9conomique, l\u2019innovation, la g\u00e9n\u00e9ration de revenus.<\/li><\/ul><p>Ces diff\u00e9rentes formes de valorisation sont compl\u00e9mentaires et finement articulables. Leurs contraintes respectives n\u00e9cessitent de proc\u00e9der dans un ordre pr\u00e9cis, sous peine de voir une invention diffus\u00e9e avant protection et donc impossible \u00e0 exploiter \u00e9conomiquement.<\/p><p>En effet, le d\u00e9p\u00f4t d\u2019un titre de propri\u00e9t\u00e9 intellectuelle, comme le brevet, n\u00e9cessite que l\u2019invention ne pr\u00e9sente aucune ant\u00e9riorit\u00e9, c\u2019est \u00e0 dire aucune divulgation publique, sous quelque forme que ce soit (m\u00eame orale, m\u00eame en petit comit\u00e9\u2026). La propri\u00e9t\u00e9 intellectuelle doit donc \u00eatre prot\u00e9g\u00e9e avant la diffusion des r\u00e9sultats de la recherche.<\/p><p>Les organismes de valorisation (<a href=\"https:\/\/www.satt.fr\/\" target=\"_blank\" rel=\"noopener\">SATT<\/a>\u00a0\u2013 Soci\u00e9t\u00e9 d\u2019Acc\u00e9l\u00e9ration du Transfert de Technologies, <a href=\"https:\/\/www.inserm-transfert.fr\/\" target=\"_blank\" rel=\"noopener\">Inserm transfert<\/a>, <a href=\"https:\/\/www.cnrsinnovation.com\/\" target=\"_blank\" rel=\"noopener\">CNRS innovation<\/a>) ont pour mission d\u2019accompagner les laboratoires dans les processus de valorisation et de transfert des r\u00e9sultats de la recherche.<\/p><p>\u00a0<\/p><p>Ils accompagneront le chercheur dans la d\u00e9claration d\u2019invention, l\u2019\u00e9tude de brevetabilit\u00e9, le d\u00e9p\u00f4t de titres de propri\u00e9t\u00e9 intellectuelle puis la maturation \u00e0 l\u2019\u00e9gard des besoins du march\u00e9. Ils prendront \u00e9galement en charge divers co\u00fbts\u00a0: un d\u00e9p\u00f4t de brevet co\u00fbte jusqu\u2019\u00e0 120 000 \u20ac pour une protection internationale et la maturation d\u2019un projet de recherche peut \u00eatre soutenue jusqu\u2019\u00e0 plusieurs centaines de milliers d\u2019euros \u00e0 travers un investissement.<\/p><p>\u00a0<\/p><p>En effet, les r\u00e9sultats de la recherche n\u00e9cessitent une maturation plus ou moins importante pour devenir des innovations. Le transfert vers des industriels ou des investisseurs n\u00e9cessite de pr\u00e9senter un projet r\u00e9pondant aux besoins du march\u00e9, aux contraintes des industriels, aussi fiable et d\u00e9-risqu\u00e9 que possible. Les r\u00e9sultats mais aussi les aspects \u00e9conomiques et juridiques doivent \u00eatre solides. La maturation d\u2019une invention technologique est souvent \u00e9valu\u00e9e \u00e0 l\u2019aide de l\u2019\u00e9chelle TRL. A mi-\u00e9chelle (TRL5), <a href=\"https:\/\/www.economie.gouv.fr\/files\/files\/directions_services\/mediateur-des-entreprises\/PDF\/4_INNOVER_ENSEMBLE\/guide-poc.pdf)\" target=\"_blank\" rel=\"noopener\">la preuve de concept<\/a> (POC \u2013 Proof Of Concept), c\u2019est \u00e0 dire la d\u00e9monstration de faisabilit\u00e9, est \u00e9tablie.<\/p>\t\t\t\t\t\t\t\t<\/div>\n\t\t\t\t<\/div>\n\t\t\t\t\t<\/div>\n\t\t<\/div>\n\t\t\t\t\t<\/div>\n\t\t<\/section>\n\t\t\t\t<section class=\"elementor-section elementor-top-section elementor-element elementor-element-1c39937 elementor-section-boxed elementor-section-height-default elementor-section-height-default\" data-id=\"1c39937\" data-element_type=\"section\" data-e-type=\"section\">\n\t\t\t\t\t\t<div class=\"elementor-container elementor-column-gap-default\">\n\t\t\t\t\t<div class=\"elementor-column elementor-col-100 elementor-top-column elementor-element elementor-element-dc31be3\" data-id=\"dc31be3\" data-element_type=\"column\" data-e-type=\"column\">\n\t\t\t<div class=\"elementor-widget-wrap elementor-element-populated\">\n\t\t\t\t\t\t<div class=\"elementor-element elementor-element-63cf1f4 elementor-widget elementor-widget-text-editor\" data-id=\"63cf1f4\" data-element_type=\"widget\" data-e-type=\"widget\" data-widget_type=\"text-editor.default\">\n\t\t\t\t<div class=\"elementor-widget-container\">\n\t\t\t\t\t\t\t\t\t<p><strong>TRANSF\u00c9RER<\/strong><\/p><p><em>De l\u2019invention \u00e0 l\u2019innovation<\/em><\/p><p>Apr\u00e8s une maturation r\u00e9ussie, l\u2019invention devient une innovation exploitable car transf\u00e9rable vers une entreprise. Le brevet pourra \u00eatre exploit\u00e9 via\u00a0:<\/p><ul><li>Une cession, en d\u2019autres termes un rachat du brevet par un tiers,<\/li><li>Une licence, c\u2019est \u00e0 dire l\u2019autorisation donn\u00e9e \u00e0 un tiers d\u2019exploiter le brevet en contrepartie de \u00ab\u00a0redevances\u00a0\u00bb (\u00ab\u00a0royalties\u00a0\u00bb).<\/li><\/ul><p>Le tiers en question peut-\u00eatre une entreprise existante (biotech, pharma\u2026) mais aussi une start\u2019up cr\u00e9\u00e9e par le chercheur \u00e0 l\u2019origine du projet.<\/p><p>Dans le cas d\u2019une start\u2019up, sa cr\u00e9ation (incubation) sera accompagn\u00e9e d\u2019abord par la SATT puis par d\u2019autres structures telles que les p\u00f4les de comp\u00e9titivit\u00e9, la BPI (Banque Publique d\u2019Investissement) etc&#8230;<\/p>\t\t\t\t\t\t\t\t<\/div>\n\t\t\t\t<\/div>\n\t\t\t\t\t<\/div>\n\t\t<\/div>\n\t\t\t\t\t<\/div>\n\t\t<\/section>\n\t\t\t\t<section class=\"elementor-section elementor-top-section elementor-element elementor-element-f114759 elementor-section-boxed elementor-section-height-default elementor-section-height-default\" data-id=\"f114759\" data-element_type=\"section\" data-e-type=\"section\">\n\t\t\t\t\t\t<div class=\"elementor-container elementor-column-gap-default\">\n\t\t\t\t\t<div class=\"elementor-column elementor-col-100 elementor-top-column elementor-element elementor-element-ea17fc6\" data-id=\"ea17fc6\" data-element_type=\"column\" data-e-type=\"column\">\n\t\t\t<div class=\"elementor-widget-wrap elementor-element-populated\">\n\t\t\t\t\t\t<div class=\"elementor-element elementor-element-ffede38 elementor-widget elementor-widget-image\" data-id=\"ffede38\" data-element_type=\"widget\" data-e-type=\"widget\" data-widget_type=\"image.default\">\n\t\t\t\t<div class=\"elementor-widget-container\">\n\t\t\t\t\t\t\t\t\t\t\t\t\t\t\t<img decoding=\"async\" src=\"https:\/\/guide-recherche-asso.info\/wp-content\/uploads\/2023\/01\/B4W-GDR-Banderole-Simpliquer.png\" title=\"\" alt=\"\" loading=\"lazy\" \/>\t\t\t\t\t\t\t\t\t\t\t\t\t\t\t<\/div>\n\t\t\t\t<\/div>\n\t\t\t\t\t<\/div>\n\t\t<\/div>\n\t\t\t\t\t<\/div>\n\t\t<\/section>\n\t\t\t\t<section class=\"elementor-section elementor-top-section elementor-element elementor-element-50a4f93 elementor-section-boxed elementor-section-height-default elementor-section-height-default\" data-id=\"50a4f93\" data-element_type=\"section\" data-e-type=\"section\">\n\t\t\t\t\t\t<div class=\"elementor-container elementor-column-gap-default\">\n\t\t\t\t\t<div class=\"elementor-column elementor-col-100 elementor-top-column elementor-element elementor-element-d37fa54\" data-id=\"d37fa54\" data-element_type=\"column\" data-e-type=\"column\">\n\t\t\t<div class=\"elementor-widget-wrap elementor-element-populated\">\n\t\t\t\t\t\t<div class=\"elementor-element elementor-element-cab7785 elementor-widget elementor-widget-text-editor\" data-id=\"cab7785\" data-element_type=\"widget\" data-e-type=\"widget\" data-widget_type=\"text-editor.default\">\n\t\t\t\t<div class=\"elementor-widget-container\">\n\t\t\t\t\t\t\t\t\t<p>La valorisation des r\u00e9sultats de recherche peut grandement b\u00e9n\u00e9ficier de la coop\u00e9ration des associations de patients.<\/p><p>D\u2019une part, en veillant \u00e0 ce qu\u2019aucun r\u00e9sultat potentiellement brevetable ne soit diffus\u00e9 sans avoir \u00e9t\u00e9 au pr\u00e9alable analys\u00e9 par un organisme de valorisation. Ainsi, l\u2019association veillera \u00e0 toujours \u00e9changer des \u00e9l\u00e9ments non confidentiels avec ses \u00e9quipes de recherche partenaires et \u00e0 ne jamais les inciter \u00e0 diffuser des donn\u00e9es confidentielles non prot\u00e9g\u00e9es. Si l\u2019\u00e9change de donn\u00e9es confidentielles s\u2019av\u00e8re absolument n\u00e9cessaire, l\u2019association veillera \u00e0 ce qu\u2019un accord de confidentialit\u00e9 soit \u00e9tabli entre les parties prenantes, avant tout partage. Cet accord de confidentialit\u00e9 peut \u00eatre \u00e9tabli par l\u2019organisme de tutelle de l\u2019\u00e9quipe de recherche ou encore la partie externe souhaitant prendre connaissance des r\u00e9sultats\u00a0; l\u2019association n\u2019a pas forc\u00e9ment \u00e0 coordonner cette \u00e9tape.<\/p><p>D\u2019autre part, l\u2019association peut illustrer et t\u00e9moigner de ce que les r\u00e9sultats de la recherche changent pour l\u2019avenir de sa pathologie d\u2019int\u00e9r\u00eat et donc donner de la valeur \u00e0 ces r\u00e9sultats. Elle peut \u00e9galement stimuler l\u2019innovation en participant \u00e0 la d\u00e9monstration que les r\u00e9sultats obtenus r\u00e9pondent aux besoins du march\u00e9, voire rassurer les investisseurs sur la faisabilit\u00e9 et\/ou la capacit\u00e9 d\u2019un projet th\u00e9rapeutique \u00e0 entrer en lien avec les patients.<\/p><p>Enfin, par sa proximit\u00e9 avec les institutions sociales et politiques, l\u2019association est \u00e0 m\u00eame d\u2019aider \u00e0 la valorisation sociale des r\u00e9sultats de la recherche.<\/p><p>Il est \u00e0 noter que certaines associations s\u2019impliquent \u00e9galement dans le transfert de l\u2019innovation. Elles conditionnent par exemple leurs financements \u00e0 un partage de la propri\u00e9t\u00e9 intellectuelle des r\u00e9sultats obtenus, ou encore investissent dans les start\u2019up issues des r\u00e9sultats de recherche qu\u2019elles ont financ\u00e9s.<\/p>\t\t\t\t\t\t\t\t<\/div>\n\t\t\t\t<\/div>\n\t\t\t\t\t<\/div>\n\t\t<\/div>\n\t\t\t\t\t<\/div>\n\t\t<\/section>\n\t\t\t\t<section class=\"elementor-section elementor-top-section elementor-element elementor-element-edd95a8 elementor-section-boxed elementor-section-height-default elementor-section-height-default\" data-id=\"edd95a8\" data-element_type=\"section\" data-e-type=\"section\">\n\t\t\t\t\t\t<div class=\"elementor-container elementor-column-gap-default\">\n\t\t\t\t\t<div class=\"elementor-column elementor-col-100 elementor-top-column elementor-element elementor-element-8a7e2c5\" data-id=\"8a7e2c5\" data-element_type=\"column\" data-e-type=\"column\">\n\t\t\t<div class=\"elementor-widget-wrap elementor-element-populated\">\n\t\t\t\t\t\t<div class=\"elementor-element elementor-element-e750b66 elementor-widget elementor-widget-image\" data-id=\"e750b66\" data-element_type=\"widget\" data-e-type=\"widget\" data-widget_type=\"image.default\">\n\t\t\t\t<div class=\"elementor-widget-container\">\n\t\t\t\t\t\t\t\t\t\t\t\t\t\t\t<img decoding=\"async\" src=\"https:\/\/guide-recherche-asso.info\/wp-content\/uploads\/2023\/01\/B4W-GDR-Banderole-Temoigner.png\" title=\"\" alt=\"\" loading=\"lazy\" \/>\t\t\t\t\t\t\t\t\t\t\t\t\t\t\t<\/div>\n\t\t\t\t<\/div>\n\t\t\t\t\t<\/div>\n\t\t<\/div>\n\t\t\t\t\t<\/div>\n\t\t<\/section>\n\t\t\t\t<section class=\"elementor-section elementor-top-section elementor-element elementor-element-ef4b7bd elementor-section-boxed elementor-section-height-default elementor-section-height-default\" data-id=\"ef4b7bd\" data-element_type=\"section\" data-e-type=\"section\">\n\t\t\t\t\t\t<div class=\"elementor-container elementor-column-gap-default\">\n\t\t\t\t\t<div class=\"elementor-column elementor-col-100 elementor-top-column elementor-element elementor-element-c7a92cc\" data-id=\"c7a92cc\" data-element_type=\"column\" data-e-type=\"column\">\n\t\t\t<div class=\"elementor-widget-wrap elementor-element-populated\">\n\t\t\t\t\t\t<div class=\"elementor-element elementor-element-f998bda elementor-widget elementor-widget-text-editor\" data-id=\"f998bda\" data-element_type=\"widget\" data-e-type=\"widget\" data-widget_type=\"text-editor.default\">\n\t\t\t\t<div class=\"elementor-widget-container\">\n\t\t\t\t\t\t\t\t\t<p><em>T\u00e9moignages \u00e0 venir.<\/em><\/p><p><em>Si vous souhaitez t\u00e9moigner, n&rsquo;h\u00e9sitez pas \u00e0 nous contacter.<\/em><\/p>\t\t\t\t\t\t\t\t<\/div>\n\t\t\t\t<\/div>\n\t\t\t\t\t<\/div>\n\t\t<\/div>\n\t\t\t\t\t<\/div>\n\t\t<\/section>\n\t\t\t\t<section class=\"elementor-section elementor-top-section elementor-element elementor-element-d414c30 elementor-section-boxed elementor-section-height-default elementor-section-height-default\" data-id=\"d414c30\" data-element_type=\"section\" data-e-type=\"section\">\n\t\t\t\t\t\t<div class=\"elementor-container elementor-column-gap-default\">\n\t\t\t\t\t<div class=\"elementor-column elementor-col-100 elementor-top-column elementor-element elementor-element-de6bf7c\" data-id=\"de6bf7c\" data-element_type=\"column\" data-e-type=\"column\">\n\t\t\t<div class=\"elementor-widget-wrap elementor-element-populated\">\n\t\t\t\t\t\t<div class=\"elementor-element elementor-element-6a216f0 elementor-widget elementor-widget-spacer\" data-id=\"6a216f0\" data-element_type=\"widget\" data-e-type=\"widget\" data-widget_type=\"spacer.default\">\n\t\t\t\t<div class=\"elementor-widget-container\">\n\t\t\t\t\t\t\t<div class=\"elementor-spacer\">\n\t\t\t<div class=\"elementor-spacer-inner\"><\/div>\n\t\t<\/div>\n\t\t\t\t\t\t<\/div>\n\t\t\t\t<\/div>\n\t\t\t\t\t<\/div>\n\t\t<\/div>\n\t\t\t\t\t<\/div>\n\t\t<\/section>\n\t\t\t\t<\/div>\n\t\t","protected":false},"excerpt":{"rendered":"<p>Valorisation et transfert des r\u00e9sultats de la recherche acad\u00e9mique \u00ab Il n\u2019y a pas de recherche appliqu\u00e9e, il n\u2019y a que des applications de la recherche fondamentale. \u00bb \u2014 Louis Pasteur VALORISER Diffuser, prot\u00e9ger et maturer l\u2019invention Une fois les r\u00e9sultats de recherche obtenus, ils sont amen\u00e9s \u00e0 \u00eatre valoris\u00e9s, c\u2019est \u00e0 dire \u00e0 prendre [&hellip;]<\/p>\n","protected":false},"author":1,"featured_media":0,"parent":0,"menu_order":0,"comment_status":"closed","ping_status":"closed","template":"","meta":{"footnotes":""},"class_list":["post-1382","page","type-page","status-publish","hentry"],"_links":{"self":[{"href":"https:\/\/guide-recherche-asso.info\/index.php\/wp-json\/wp\/v2\/pages\/1382","targetHints":{"allow":["GET"]}}],"collection":[{"href":"https:\/\/guide-recherche-asso.info\/index.php\/wp-json\/wp\/v2\/pages"}],"about":[{"href":"https:\/\/guide-recherche-asso.info\/index.php\/wp-json\/wp\/v2\/types\/page"}],"author":[{"embeddable":true,"href":"https:\/\/guide-recherche-asso.info\/index.php\/wp-json\/wp\/v2\/users\/1"}],"replies":[{"embeddable":true,"href":"https:\/\/guide-recherche-asso.info\/index.php\/wp-json\/wp\/v2\/comments?post=1382"}],"version-history":[{"count":34,"href":"https:\/\/guide-recherche-asso.info\/index.php\/wp-json\/wp\/v2\/pages\/1382\/revisions"}],"predecessor-version":[{"id":1481,"href":"https:\/\/guide-recherche-asso.info\/index.php\/wp-json\/wp\/v2\/pages\/1382\/revisions\/1481"}],"wp:attachment":[{"href":"https:\/\/guide-recherche-asso.info\/index.php\/wp-json\/wp\/v2\/media?parent=1382"}],"curies":[{"name":"wp","href":"https:\/\/api.w.org\/{rel}","templated":true}]}}