{"id":1736,"date":"2023-11-29T09:52:11","date_gmt":"2023-11-29T08:52:11","guid":{"rendered":"https:\/\/guide-recherche-asso.info\/?page_id=1736"},"modified":"2023-11-29T09:56:20","modified_gmt":"2023-11-29T08:56:20","slug":"les-organismes-de-recherche","status":"publish","type":"page","link":"https:\/\/guide-recherche-asso.info\/index.php\/les-organismes-de-recherche\/","title":{"rendered":"Les organismes de recherche"},"content":{"rendered":"\t\t<div data-elementor-type=\"wp-page\" data-elementor-id=\"1736\" class=\"elementor elementor-1736\" data-elementor-post-type=\"page\">\n\t\t\t\t\t\t<section class=\"elementor-section elementor-top-section elementor-element elementor-element-a3a1945 elementor-section-boxed elementor-section-height-default elementor-section-height-default\" data-id=\"a3a1945\" data-element_type=\"section\" data-e-type=\"section\">\n\t\t\t\t\t\t<div class=\"elementor-container elementor-column-gap-default\">\n\t\t\t\t\t<div class=\"elementor-column elementor-col-100 elementor-top-column elementor-element elementor-element-0f87fcd\" data-id=\"0f87fcd\" data-element_type=\"column\" data-e-type=\"column\">\n\t\t\t<div class=\"elementor-widget-wrap elementor-element-populated\">\n\t\t\t\t\t\t<div class=\"elementor-element elementor-element-d5ec519 elementor-widget elementor-widget-heading\" data-id=\"d5ec519\" data-element_type=\"widget\" data-e-type=\"widget\" data-widget_type=\"heading.default\">\n\t\t\t\t<div class=\"elementor-widget-container\">\n\t\t\t\t\t<h2 class=\"elementor-heading-title elementor-size-default\">les organismes de recherche<\/h2>\t\t\t\t<\/div>\n\t\t\t\t<\/div>\n\t\t\t\t\t<\/div>\n\t\t<\/div>\n\t\t\t\t\t<\/div>\n\t\t<\/section>\n\t\t\t\t<section class=\"elementor-section elementor-top-section elementor-element elementor-element-e4a9fef elementor-section-boxed elementor-section-height-default elementor-section-height-default\" data-id=\"e4a9fef\" data-element_type=\"section\" data-e-type=\"section\">\n\t\t\t\t\t\t<div class=\"elementor-container elementor-column-gap-default\">\n\t\t\t\t\t<div class=\"elementor-column elementor-col-100 elementor-top-column elementor-element elementor-element-7ae6e5b\" data-id=\"7ae6e5b\" data-element_type=\"column\" data-e-type=\"column\">\n\t\t\t<div class=\"elementor-widget-wrap elementor-element-populated\">\n\t\t\t\t\t\t<div class=\"elementor-element elementor-element-4b53ee5 elementor-widget elementor-widget-image\" data-id=\"4b53ee5\" data-element_type=\"widget\" data-e-type=\"widget\" data-widget_type=\"image.default\">\n\t\t\t\t<div class=\"elementor-widget-container\">\n\t\t\t\t\t\t\t\t\t\t\t\t\t\t\t<img decoding=\"async\" src=\"https:\/\/guide-recherche-asso.info\/wp-content\/uploads\/2023\/01\/B4W-GDR-Banderole-Comprendre.png\" title=\"\" alt=\"\" loading=\"lazy\" \/>\t\t\t\t\t\t\t\t\t\t\t\t\t\t\t<\/div>\n\t\t\t\t<\/div>\n\t\t\t\t\t<\/div>\n\t\t<\/div>\n\t\t\t\t\t<\/div>\n\t\t<\/section>\n\t\t\t\t<section class=\"elementor-section elementor-top-section elementor-element elementor-element-fa49bbe elementor-section-boxed elementor-section-height-default elementor-section-height-default\" data-id=\"fa49bbe\" data-element_type=\"section\" data-e-type=\"section\">\n\t\t\t\t\t\t<div class=\"elementor-container elementor-column-gap-default\">\n\t\t\t\t\t<div class=\"elementor-column elementor-col-100 elementor-top-column elementor-element elementor-element-9ce240c\" data-id=\"9ce240c\" data-element_type=\"column\" data-e-type=\"column\">\n\t\t\t<div class=\"elementor-widget-wrap elementor-element-populated\">\n\t\t\t\t\t\t<div class=\"elementor-element elementor-element-ba83b5b elementor-widget elementor-widget-text-editor\" data-id=\"ba83b5b\" data-element_type=\"widget\" data-e-type=\"widget\" data-widget_type=\"text-editor.default\">\n\t\t\t\t<div class=\"elementor-widget-container\">\n\t\t\t\t\t\t\t\t\t<p><strong>La recherche publique<\/strong><\/p><p>La recherche publique a lieu dans des \u00e9tablissements d&rsquo;enseignement sup\u00e9rieur et des organismes de recherche. Elle se structure autour d&rsquo;op\u00e9rateurs :<\/p><ul><li>les \u00e9tablissements publics \u00e0 caract\u00e8re scientifique, culturel et professionnel (<strong>EPSCP<\/strong>) : Universit\u00e9s, Coll\u00e8ge de France, CNAM&#8230;<\/li><li>les \u00e9tablissements publics scientifiques et technologiques (<strong>EPST<\/strong>) : CNRS, Inserm&#8230;<\/li><li>les \u00e9tablissements publics \u00e0 caract\u00e8re industriel et commercial (EPIC) : CEA, CNES&#8230;<\/li><li>les Instituts publics\/priv\u00e9s: Instituts Pasteur, Curie, Imagine&#8230;<\/li><\/ul><p>\u00a0<\/p><p>La recherche est effectu\u00e9e dans les unit\u00e9s de recherche (aussi appel\u00e9es <strong>laboratoires de recherche<\/strong>). Les unit\u00e9s de recherche d\u00e9pendent d&rsquo;un ou plusieurs op\u00e9rateurs :<\/p><ul><li>les \u00e9quipes d&rsquo;accueil (EA jusqu\u2019en 2020 puis UR depuis pour Unit\u00e9 de Recherche) d\u00e9pendent d&rsquo;un EPSCP<\/li><li>les unit\u00e9s mixtes de recherche (UMR) sont reconnues par plusieurs op\u00e9rateurs (multi-tutelle)<\/li><\/ul><p>\u00a0<\/p><p>Les unit\u00e9s de recherche peuvent regrouper une ou plusieurs \u00e9quipes de recherche avec une th\u00e9matique commune. Les \u00e9quipes de recherche peuvent \u00eatre membres de diff\u00e9rents r\u00e9seaux :<\/p><ul><li>Fili\u00e8res et CRMR : structures qui coordonnent les acteurs impliqu\u00e9s dans les maladies rares<\/li><li>Recherche hospitalo-universitaire (RHU), institut hospitalo-universitaire (IHU)\u00a0: p\u00f4les de formation et de recherche m\u00e9dicale d\u2019excellence en lien avec les CHU. Les CHU (centres hospitaliers universitaires) sont des \u00e9tablissements de sant\u00e9 li\u00e9s par une convention avec une universit\u00e9. La recherche en milieu hospitalier est principalement de la recherche clinique qui est effectu\u00e9e par des personnels hospitalo-universitaires ou hospitaliers. Les CHU poss\u00e8dent 3 missions : le soin, la formation et la recherche.<\/li><li>Institut Th\u00e9matique Multi-Organismes (ITMO)\u00a0: institut de coordination de la recherche et des organismes par th\u00e9matique\/domaine<\/li><li>Groupement d&rsquo;int\u00e9r\u00eat scientifique (GIS)<\/li><\/ul>\t\t\t\t\t\t\t\t<\/div>\n\t\t\t\t<\/div>\n\t\t\t\t<div class=\"elementor-element elementor-element-f5ee40e elementor-widget elementor-widget-text-editor\" data-id=\"f5ee40e\" data-element_type=\"widget\" data-e-type=\"widget\" data-widget_type=\"text-editor.default\">\n\t\t\t\t<div class=\"elementor-widget-container\">\n\t\t\t\t\t\t\t\t\t<p><strong>La recherche priv\u00e9e<\/strong><\/p><p>La recherche priv\u00e9e a lieu dans des entreprises priv\u00e9es, qui comprennent des industriels pharmaceutiques, des entreprises de biotechnologies, de dispositifs m\u00e9dicaux et de diagnostic et des entreprises du num\u00e9rique (e-sant\u00e9)&#8230; L\u2019organisation professionnelle des entreprises du m\u00e9dicament (LEEM) regroupe 260 entreprises priv\u00e9es du m\u00e9dicament \u00e0 usage humain pr\u00e9sentes en France.<\/p><p>La recherche priv\u00e9e est effectu\u00e9e \u00e9galement dans des organisations de recherche contractuelle (CRO)\u00a0: entreprises priv\u00e9es de services contractuels \u00e0 destination de la recherche priv\u00e9e et publique, dans le domaine de la recherche biom\u00e9dicale.<\/p>\t\t\t\t\t\t\t\t<\/div>\n\t\t\t\t<\/div>\n\t\t\t\t<div class=\"elementor-element elementor-element-3b119a3 elementor-widget elementor-widget-text-editor\" data-id=\"3b119a3\" data-element_type=\"widget\" data-e-type=\"widget\" data-widget_type=\"text-editor.default\">\n\t\t\t\t<div class=\"elementor-widget-container\">\n\t\t\t\t\t\t\t\t\t<p><strong>Le living lab<\/strong><\/p><p><em>Le living lab ou \u201claboratoire vivant\u201d n\u2019est pas \u00e0 proprement parler un organisme de recherche. Il s\u2019agit d\u2019une d\u00e9marche innovante ouverte dans lequel les usagers, patients, citoyens\u2026 sont des acteurs de la recherche et de l\u2019innovation en participant \u00e0 l\u2019am\u00e9lioration ou l\u2019innovation de produits et services. Ces dispositifs permettent de r\u00e9unir les diff\u00e9rents acteurs cl\u00e9s (public, priv\u00e9, association, individu&#8230;).<\/em><\/p>\t\t\t\t\t\t\t\t<\/div>\n\t\t\t\t<\/div>\n\t\t\t\t\t<\/div>\n\t\t<\/div>\n\t\t\t\t\t<\/div>\n\t\t<\/section>\n\t\t\t\t<section class=\"elementor-section elementor-top-section elementor-element elementor-element-f114759 elementor-section-boxed elementor-section-height-default elementor-section-height-default\" data-id=\"f114759\" data-element_type=\"section\" data-e-type=\"section\">\n\t\t\t\t\t\t<div class=\"elementor-container elementor-column-gap-default\">\n\t\t\t\t\t<div class=\"elementor-column elementor-col-100 elementor-top-column elementor-element elementor-element-ea17fc6\" data-id=\"ea17fc6\" data-element_type=\"column\" data-e-type=\"column\">\n\t\t\t<div class=\"elementor-widget-wrap elementor-element-populated\">\n\t\t\t\t\t\t<div class=\"elementor-element elementor-element-ffede38 elementor-widget elementor-widget-image\" data-id=\"ffede38\" data-element_type=\"widget\" data-e-type=\"widget\" data-widget_type=\"image.default\">\n\t\t\t\t<div class=\"elementor-widget-container\">\n\t\t\t\t\t\t\t\t\t\t\t\t\t\t\t<img decoding=\"async\" src=\"https:\/\/guide-recherche-asso.info\/wp-content\/uploads\/2023\/01\/B4W-GDR-Banderole-Simpliquer.png\" title=\"\" alt=\"\" loading=\"lazy\" \/>\t\t\t\t\t\t\t\t\t\t\t\t\t\t\t<\/div>\n\t\t\t\t<\/div>\n\t\t\t\t<div class=\"elementor-element elementor-element-5b1c043 elementor-widget elementor-widget-text-editor\" data-id=\"5b1c043\" data-element_type=\"widget\" data-e-type=\"widget\" data-widget_type=\"text-editor.default\">\n\t\t\t\t<div class=\"elementor-widget-container\">\n\t\t\t\t\t\t\t\t\t<p>Les associations de patients peuvent aussi \u00eatre \u00e0 l\u2019origine de la cr\u00e9ation de structures de recherche. L\u2019AFM-t\u00e9l\u00e9thon a cr\u00e9\u00e9 3 laboratoires de recherche r\u00e9unies au sein de l\u2019Institut des Bioth\u00e9rapies\u00a0:<\/p><ul><li>Le G\u00e9n\u00e9thon\u00a0: d\u00e9di\u00e9 \u00e0 la th\u00e9rapie g\u00e9nique des maladies rares<\/li><li>I-Stem\u00a0: d\u00e9di\u00e9 aux cellules souches<\/li><li>L\u2019Institut de myologie\u00a0: d\u00e9di\u00e9 \u00e0 la science du fonctionnement musculaire<\/li><\/ul><p>\u00a0<\/p><p>Il est \u00e9galement possible aux associations de patients de s\u2019impliquer en cr\u00e9ant eux-m\u00eames des start-ups\/entreprises de recherche. L\u2019ancienne pr\u00e9sidente de l\u2019association AFS-Ondine, X\u00e9nia Proton de la Chapelle est la fondatrice de la startup AtmostR, compagnie de biotechnologies d\u00e9veloppant des traitements innovants pour les patients souffrant de maladies rares et s\u00e9v\u00e8res du syst\u00e8me nerveux central.<\/p><p>\u00a0<\/p><p><span style=\"color: #808080;\"><em>Les outils pour les adh\u00e9rents de l\u2019Alliance maladies rares :<\/em><\/span><\/p><p><span style=\"color: #808080;\">Universit\u00e9s d\u2019Automne 2020\u00a0:<\/span><\/p><ul><li><span style=\"color: #808080;\">Lien aux industries pharmaceutiques<\/span><\/li><li><span style=\"color: #808080;\">Les acteurs de la recherche dans les maladies rares<\/span><\/li><\/ul>\t\t\t\t\t\t\t\t<\/div>\n\t\t\t\t<\/div>\n\t\t\t\t\t<\/div>\n\t\t<\/div>\n\t\t\t\t\t<\/div>\n\t\t<\/section>\n\t\t\t\t<section class=\"elementor-section elementor-top-section elementor-element elementor-element-edd95a8 elementor-section-boxed elementor-section-height-default elementor-section-height-default\" data-id=\"edd95a8\" data-element_type=\"section\" data-e-type=\"section\">\n\t\t\t\t\t\t<div class=\"elementor-container elementor-column-gap-default\">\n\t\t\t\t\t<div class=\"elementor-column elementor-col-100 elementor-top-column elementor-element elementor-element-8a7e2c5\" data-id=\"8a7e2c5\" data-element_type=\"column\" data-e-type=\"column\">\n\t\t\t<div class=\"elementor-widget-wrap elementor-element-populated\">\n\t\t\t\t\t\t<div class=\"elementor-element elementor-element-e750b66 elementor-widget elementor-widget-image\" data-id=\"e750b66\" data-element_type=\"widget\" data-e-type=\"widget\" data-widget_type=\"image.default\">\n\t\t\t\t<div class=\"elementor-widget-container\">\n\t\t\t\t\t\t\t\t\t\t\t\t\t\t\t<img decoding=\"async\" src=\"https:\/\/guide-recherche-asso.info\/wp-content\/uploads\/2023\/01\/B4W-GDR-Banderole-Temoigner.png\" title=\"\" alt=\"\" loading=\"lazy\" \/>\t\t\t\t\t\t\t\t\t\t\t\t\t\t\t<\/div>\n\t\t\t\t<\/div>\n\t\t\t\t<div class=\"elementor-element elementor-element-12a6978 elementor-widget elementor-widget-text-editor\" data-id=\"12a6978\" data-element_type=\"widget\" data-e-type=\"widget\" data-widget_type=\"text-editor.default\">\n\t\t\t\t<div class=\"elementor-widget-container\">\n\t\t\t\t\t\t\t\t\t<p><em>T\u00e9moignages \u00e0 venir.<\/em><\/p><p><em>Si vous souhaitez t\u00e9moigner, n\u2019h\u00e9sitez pas \u00e0 nous contacter.<\/em><\/p>\t\t\t\t\t\t\t\t<\/div>\n\t\t\t\t<\/div>\n\t\t\t\t\t<\/div>\n\t\t<\/div>\n\t\t\t\t\t<\/div>\n\t\t<\/section>\n\t\t\t\t<\/div>\n\t\t","protected":false},"excerpt":{"rendered":"<p>les organismes de recherche La recherche publique La recherche publique a lieu dans des \u00e9tablissements d&rsquo;enseignement sup\u00e9rieur et des organismes de recherche. Elle se structure autour d&rsquo;op\u00e9rateurs : les \u00e9tablissements publics \u00e0 caract\u00e8re scientifique, culturel et professionnel (EPSCP) : Universit\u00e9s, Coll\u00e8ge de France, CNAM&#8230; les \u00e9tablissements publics scientifiques et technologiques (EPST) : CNRS, Inserm&#8230; les [&hellip;]<\/p>\n","protected":false},"author":1,"featured_media":0,"parent":0,"menu_order":0,"comment_status":"closed","ping_status":"closed","template":"","meta":{"footnotes":""},"class_list":["post-1736","page","type-page","status-publish","hentry"],"_links":{"self":[{"href":"https:\/\/guide-recherche-asso.info\/index.php\/wp-json\/wp\/v2\/pages\/1736","targetHints":{"allow":["GET"]}}],"collection":[{"href":"https:\/\/guide-recherche-asso.info\/index.php\/wp-json\/wp\/v2\/pages"}],"about":[{"href":"https:\/\/guide-recherche-asso.info\/index.php\/wp-json\/wp\/v2\/types\/page"}],"author":[{"embeddable":true,"href":"https:\/\/guide-recherche-asso.info\/index.php\/wp-json\/wp\/v2\/users\/1"}],"replies":[{"embeddable":true,"href":"https:\/\/guide-recherche-asso.info\/index.php\/wp-json\/wp\/v2\/comments?post=1736"}],"version-history":[{"count":10,"href":"https:\/\/guide-recherche-asso.info\/index.php\/wp-json\/wp\/v2\/pages\/1736\/revisions"}],"predecessor-version":[{"id":1746,"href":"https:\/\/guide-recherche-asso.info\/index.php\/wp-json\/wp\/v2\/pages\/1736\/revisions\/1746"}],"wp:attachment":[{"href":"https:\/\/guide-recherche-asso.info\/index.php\/wp-json\/wp\/v2\/media?parent=1736"}],"curies":[{"name":"wp","href":"https:\/\/api.w.org\/{rel}","templated":true}]}}