{"id":1812,"date":"2024-01-11T07:30:59","date_gmt":"2024-01-11T06:30:59","guid":{"rendered":"https:\/\/guide-recherche-asso.info\/?page_id=1812"},"modified":"2024-01-19T16:44:49","modified_gmt":"2024-01-19T15:44:49","slug":"types-et-discipline","status":"publish","type":"page","link":"https:\/\/guide-recherche-asso.info\/index.php\/types-et-discipline\/","title":{"rendered":"Types et discipline"},"content":{"rendered":"\t\t<div data-elementor-type=\"wp-page\" data-elementor-id=\"1812\" class=\"elementor elementor-1812\" data-elementor-post-type=\"page\">\n\t\t\t\t\t\t<section class=\"elementor-section elementor-top-section elementor-element elementor-element-a3a1945 elementor-section-boxed elementor-section-height-default elementor-section-height-default\" data-id=\"a3a1945\" data-element_type=\"section\" data-e-type=\"section\">\n\t\t\t\t\t\t<div class=\"elementor-container elementor-column-gap-default\">\n\t\t\t\t\t<div class=\"elementor-column elementor-col-100 elementor-top-column elementor-element elementor-element-0f87fcd\" data-id=\"0f87fcd\" data-element_type=\"column\" data-e-type=\"column\">\n\t\t\t<div class=\"elementor-widget-wrap elementor-element-populated\">\n\t\t\t\t\t\t<div class=\"elementor-element elementor-element-d5ec519 elementor-widget elementor-widget-heading\" data-id=\"d5ec519\" data-element_type=\"widget\" data-e-type=\"widget\" data-widget_type=\"heading.default\">\n\t\t\t\t<div class=\"elementor-widget-container\">\n\t\t\t\t\t<h2 class=\"elementor-heading-title elementor-size-default\">Types et disciplineS<\/h2>\t\t\t\t<\/div>\n\t\t\t\t<\/div>\n\t\t\t\t\t<\/div>\n\t\t<\/div>\n\t\t\t\t\t<\/div>\n\t\t<\/section>\n\t\t\t\t<section class=\"elementor-section elementor-top-section elementor-element elementor-element-e4a9fef elementor-section-boxed elementor-section-height-default elementor-section-height-default\" data-id=\"e4a9fef\" data-element_type=\"section\" data-e-type=\"section\">\n\t\t\t\t\t\t<div class=\"elementor-container elementor-column-gap-default\">\n\t\t\t\t\t<div class=\"elementor-column elementor-col-100 elementor-top-column elementor-element elementor-element-7ae6e5b\" data-id=\"7ae6e5b\" data-element_type=\"column\" data-e-type=\"column\">\n\t\t\t<div class=\"elementor-widget-wrap elementor-element-populated\">\n\t\t\t\t\t\t<div class=\"elementor-element elementor-element-4b53ee5 elementor-widget elementor-widget-image\" data-id=\"4b53ee5\" data-element_type=\"widget\" data-e-type=\"widget\" data-widget_type=\"image.default\">\n\t\t\t\t<div class=\"elementor-widget-container\">\n\t\t\t\t\t\t\t\t\t\t\t\t\t\t\t<img decoding=\"async\" src=\"https:\/\/guide-recherche-asso.info\/wp-content\/uploads\/2023\/01\/B4W-GDR-Banderole-Comprendre.png\" title=\"\" alt=\"\" loading=\"lazy\" \/>\t\t\t\t\t\t\t\t\t\t\t\t\t\t\t<\/div>\n\t\t\t\t<\/div>\n\t\t\t\t\t<\/div>\n\t\t<\/div>\n\t\t\t\t\t<\/div>\n\t\t<\/section>\n\t\t\t\t<section class=\"elementor-section elementor-top-section elementor-element elementor-element-fa49bbe elementor-section-boxed elementor-section-height-default elementor-section-height-default\" data-id=\"fa49bbe\" data-element_type=\"section\" data-e-type=\"section\">\n\t\t\t\t\t\t<div class=\"elementor-container elementor-column-gap-default\">\n\t\t\t\t\t<div class=\"elementor-column elementor-col-100 elementor-top-column elementor-element elementor-element-9ce240c\" data-id=\"9ce240c\" data-element_type=\"column\" data-e-type=\"column\">\n\t\t\t<div class=\"elementor-widget-wrap elementor-element-populated\">\n\t\t\t\t\t\t<div class=\"elementor-element elementor-element-ab503ce elementor-widget elementor-widget-heading\" data-id=\"ab503ce\" data-element_type=\"widget\" data-e-type=\"widget\" data-widget_type=\"heading.default\">\n\t\t\t\t<div class=\"elementor-widget-container\">\n\t\t\t\t\t<h2 class=\"elementor-heading-title elementor-size-default\">Types<\/h2>\t\t\t\t<\/div>\n\t\t\t\t<\/div>\n\t\t\t\t<div class=\"elementor-element elementor-element-ba83b5b elementor-widget elementor-widget-text-editor\" data-id=\"ba83b5b\" data-element_type=\"widget\" data-e-type=\"widget\" data-widget_type=\"text-editor.default\">\n\t\t\t\t<div class=\"elementor-widget-container\">\n\t\t\t\t\t\t\t\t\t<p>Diff\u00e9rents types de recherche existent et se succ\u00e8dent dans la mise au point de solutions th\u00e9rapeutiques ou sociales :\u00a0<\/p><ul><li>la <strong>recherche fondamentale<\/strong> a pour objectif l&rsquo;acquisition de nouvelles connaissances<\/li><li>la <strong>recherche appliqu\u00e9e<\/strong> a pour objectif\u202fla mise au point de nouvelles solutions sur la base des connaissances acquises en recherche fondamentale<\/li><li>la <strong>recherche clinique<\/strong> a pour objectif de tester ces nouvelles solutions<\/li><li>la <strong>recherche translationnelle<\/strong> est un concept qui rend compte de la dynamique continue entre recherche fondamentale et recherche clinique, chacune se nourrissant des avanc\u00e9es de l&rsquo;autre. On parle aussi de recherche \u00ab\u00a0du patient \u00e0 la paillasse au patient\u201d ou \u00ab\u00a0from bed to bench to bed\u00a0\u00bb. Elle s&rsquo;illustre particuli\u00e8rement dans la <a href=\"https:\/\/guide-recherche-asso.info\/index.php\/circuit-du-biomedicament\/\" target=\"_blank\" rel=\"noopener\"><u>mise au point de nouveaux m\u00e9dicaments.<\/u><\/a><\/li><\/ul><p style=\"padding-left: 40px;\"><span style=\"color: #808080;\"><em>Pour aller plus loin :\u00a0https:\/\/toolbox.eupati.eu\/resources\/medecine-translationnelle\/?lang=fr<\/em><\/span><\/p>\t\t\t\t\t\t\t\t<\/div>\n\t\t\t\t<\/div>\n\t\t\t\t<div class=\"elementor-element elementor-element-3de20db elementor-widget elementor-widget-heading\" data-id=\"3de20db\" data-element_type=\"widget\" data-e-type=\"widget\" data-widget_type=\"heading.default\">\n\t\t\t\t<div class=\"elementor-widget-container\">\n\t\t\t\t\t<h2 class=\"elementor-heading-title elementor-size-default\">Disciplines<\/h2>\t\t\t\t<\/div>\n\t\t\t\t<\/div>\n\t\t\t\t<div class=\"elementor-element elementor-element-bfb975b elementor-widget elementor-widget-text-editor\" data-id=\"bfb975b\" data-element_type=\"widget\" data-e-type=\"widget\" data-widget_type=\"text-editor.default\">\n\t\t\t\t<div class=\"elementor-widget-container\">\n\t\t\t\t\t\t\t\t\t<p>La science est organis\u00e9e en grandes disciplines scientifiques.\u00a0Le classement des disciplines peut varier selon les perspectives.<\/p><p>Le Conseil National des Universit\u00e9s (<a href=\"https:\/\/conseil-national-des-universites.fr\/cnu\/#\/\" target=\"_blank\" rel=\"noopener\"><u>CNU<\/u><\/a>)\u00a0est ainsi compos\u00e9 de plusieurs groupes de sections, correspondant chacune \u00e0 une discipline.<\/p><p>L\u2019Alliance TH\u00e9matique NAtionale des Sciences Humaines et sociales (<a href=\"https:\/\/www.alliance-athena.fr\/\" target=\"_blank\" rel=\"noopener\">ATHENA<\/a>) recommande, quant \u00e0 elle, l\u2019adoption de la classification ERC (<a href=\"https:\/\/erc.europa.eu\/sites\/default\/files\/document\/file\/ERC_Panel_structure_2021_2022.pdf\" target=\"_blank\" rel=\"noopener\"><u>European Research Council<\/u><\/a>).<\/p><p><em>\u00a0<\/em>Selon cette derni\u00e8re, les Sciences Humaines et sociales (SHS) regroupent elles\u00a07 sous-domaines\u00a0:<\/p><ul><li><em>\u00c9conomie, finance, management<\/em><\/li><li><em>Sciences politiques, relations internationales, droit<\/em><\/li><li><em>Sociologie, psychologie sociale, anthropologie sociale, sciences de l\u2019\u00e9ducation, \u00e9tudes de communication<\/em><\/li><li><em>\u00c9tudes litt\u00e9raires, \u00e9tudes culturelles, \u00e9tude des arts, philosophie<\/em><\/li><li><em>Arch\u00e9ologie et histoire<\/em><\/li><li><em>G\u00e9ographie humaine, d\u00e9mographie, aspects sociaux de la sant\u00e9, sciences de la durabilit\u00e9, am\u00e9nagement du territoire, analyse spatiale<\/em><\/li><\/ul><p>Quand les Sciences du vivant en regroupent 9 :<\/p><ul><li><em>Biologie mol\u00e9culaire, biochimie, biologie structurale, biophysique mol\u00e9culaire, biologie synth\u00e9tique et chimique, conception de m\u00e9dicaments, mod\u00e9lisation\u2026<\/em><\/li><li><em>G\u00e9n\u00e9tique, \u00e9pig\u00e9n\u00e9tique, g\u00e9nomique et autres \u00e9tudes \u00ab\u00a0omiques\u00a0\u00bb, bioinformatique, biologie des syst\u00e8mes\u2026<\/em><\/li><li><em>Biologie cellulaire, d\u00e9veloppementale et r\u00e9g\u00e9n\u00e9rative\u2026<\/em><\/li><li><em>Physiologie, Endocrinologie, Nutrition\u2026<\/em><\/li><li><em>Neurosciences<\/em><\/li><li><em>Immunologie<\/em><\/li><li><em>Technologies medicales, pharmacologie, epidemiologie, sant\u00e9 publique, m\u00e9decine digitale\u2026<\/em><\/li><li><em>Ecologie, biodiversit\u00e9\u2026<\/em><\/li><li><em>Biotechnologie, bioing\u00e9nierie\u2026<\/em><\/li><\/ul>\t\t\t\t\t\t\t\t<\/div>\n\t\t\t\t<\/div>\n\t\t\t\t<div class=\"elementor-element elementor-element-0f5fc17 elementor-widget elementor-widget-heading\" data-id=\"0f5fc17\" data-element_type=\"widget\" data-e-type=\"widget\" data-widget_type=\"heading.default\">\n\t\t\t\t<div class=\"elementor-widget-container\">\n\t\t\t\t\t<h2 class=\"elementor-heading-title elementor-size-default\">quelle discipline pour quel th\u00e8me ?<\/h2>\t\t\t\t<\/div>\n\t\t\t\t<\/div>\n\t\t\t\t<div class=\"elementor-element elementor-element-dc41270 elementor-widget elementor-widget-text-editor\" data-id=\"dc41270\" data-element_type=\"widget\" data-e-type=\"widget\" data-widget_type=\"text-editor.default\">\n\t\t\t\t<div class=\"elementor-widget-container\">\n\t\t\t\t\t\t\t\t\t<p><strong>La recherche en sciences humaines et sociales<\/strong><\/p><p>Annonce diagnostique et aspects pr\u00e9dictif du diagnostic, transition enfant\/adulte, parentalit\u00e9, socialisation et scolarit\u00e9, maintien au travail, qualit\u00e9 de vie, reste \u00e0 charge \u00e9conomique\u2026 Les th\u00e8mes explor\u00e9s au travers des recherches en sciences humaines et sociales sont multiples et peuvent \u00eatre communs \u00e0 plusieurs maladies ou groupes de maladies rares.\u00a0<\/p><p>Dans le domaine des maladies rares, les SHS permettent de s\u2019interroger sur les cons\u00e9quences individuelles, familiales et sociales sp\u00e9cifiquement li\u00e9es \u00e0 la raret\u00e9 de la maladie\u00a0; plus commun\u00e9ment elles cherchent \u00e0 mieux appr\u00e9hender \u00ab\u00a0le vivre avec\u00a0\u00bb la maladie ou le handicap. Les recherches en SHS visent \u00e0 apporter des connaissances et une compr\u00e9hension des divers aspects de la r\u00e9alit\u00e9\u202fhumaine\u202fsur le plan de l&rsquo;individu et sur le plan collectif. Dans des perspectives \u00e0 moyen\/long terme, les r\u00e9sultats de ces travaux de recherche peuvent permettre de proposer des am\u00e9liorations du parcours (de vie et de soin) des personnes malades et de leur entourage, de faciliter l\u2019acc\u00e8s des personnes malades \u00e0 l\u2019ensemble de leurs droits. La <a href=\"https:\/\/guide-recherche-asso.info\/index.php\/valorisation-et-transfert\/\" target=\"_blank\" rel=\"noopener\">valorisation<\/a>\u00a0des r\u00e9sultats de la recherche en sciences humaines et sociales permet d\u2019\u00e9clairer les pratiques et les politiques publiques pour construire des solutions concr\u00e8tes d\u2019am\u00e9lioration des parcours de soin et des parcours de vie.\u00a0<\/p>\t\t\t\t\t\t\t\t<\/div>\n\t\t\t\t<\/div>\n\t\t\t\t<div class=\"elementor-element elementor-element-8e00fa4 elementor-widget elementor-widget-text-editor\" data-id=\"8e00fa4\" data-element_type=\"widget\" data-e-type=\"widget\" data-widget_type=\"text-editor.default\">\n\t\t\t\t<div class=\"elementor-widget-container\">\n\t\t\t\t\t\t\t\t\t<p><strong>La recherche en sciences biom\u00e9dicales<\/strong><\/p><p>Les sciences biom\u00e9dicales ont pour but de comprendre la cause et l\u2019\u00e9volution des maladies, de les traiter, et d\u2019\u00e9ventuellement les pr\u00e9venir et les gu\u00e9rir.<\/p><p>Elles visent \u00e0 am\u00e9liorer les connaissances et les techniques en sant\u00e9 pour d\u00e9velopper de nouvelles approches diagnostiques et th\u00e9rapeutiques.<\/p><p>Les sciences biom\u00e9dicales consistent \u00e0 d\u00e9chiffrer la complexit\u00e9 du corps humain et comprendre les m\u00e9canismes conduisant \u00e0 des pathologies puis de d\u00e9velopper des traitements cibl\u00e9s (m\u00e9dicament, dispositif m\u00e9dical) pour traiter ou pr\u00e9venir ces maladies.<\/p>\t\t\t\t\t\t\t\t<\/div>\n\t\t\t\t<\/div>\n\t\t\t\t\t<\/div>\n\t\t<\/div>\n\t\t\t\t\t<\/div>\n\t\t<\/section>\n\t\t\t\t<section class=\"elementor-section elementor-top-section elementor-element elementor-element-f114759 elementor-section-boxed elementor-section-height-default elementor-section-height-default\" data-id=\"f114759\" data-element_type=\"section\" data-e-type=\"section\">\n\t\t\t\t\t\t<div class=\"elementor-container elementor-column-gap-default\">\n\t\t\t\t\t<div class=\"elementor-column elementor-col-100 elementor-top-column elementor-element elementor-element-ea17fc6\" data-id=\"ea17fc6\" data-element_type=\"column\" data-e-type=\"column\">\n\t\t\t<div class=\"elementor-widget-wrap elementor-element-populated\">\n\t\t\t\t\t\t<div class=\"elementor-element elementor-element-ffede38 elementor-widget elementor-widget-image\" data-id=\"ffede38\" data-element_type=\"widget\" data-e-type=\"widget\" data-widget_type=\"image.default\">\n\t\t\t\t<div class=\"elementor-widget-container\">\n\t\t\t\t\t\t\t\t\t\t\t\t\t\t\t<img decoding=\"async\" src=\"https:\/\/guide-recherche-asso.info\/wp-content\/uploads\/2023\/01\/B4W-GDR-Banderole-Simpliquer.png\" title=\"\" alt=\"\" loading=\"lazy\" \/>\t\t\t\t\t\t\t\t\t\t\t\t\t\t\t<\/div>\n\t\t\t\t<\/div>\n\t\t\t\t<div class=\"elementor-element elementor-element-676af18 elementor-widget elementor-widget-text-editor\" data-id=\"676af18\" data-element_type=\"widget\" data-e-type=\"widget\" data-widget_type=\"text-editor.default\">\n\t\t\t\t<div class=\"elementor-widget-container\">\n\t\t\t\t\t\t\t\t\t<p>Le patient \u00e9tant au centre de la recherche il est important qu\u2019il puisse y prendre part en orientant les recherches sur les besoins non couverts et sp\u00e9cifiques de sa maladie. Par leur connaissance approfondie de la maladie, les associations de patients peuvent guider les axes de recherche et le choix des disciplines, voire encourager la pluridisciplinarit\u00e9, pour permettre de r\u00e9pondre sp\u00e9cifiquement aux besoins des patients.<\/p><p>En conviant des experts d\u2019autres disciplines au sein de leurs instances (CS) ou de leurs \u00e9v\u00e8nements scientifiques, les associations peuvent \u00e9galement int\u00e9resser ces disciplines \u00e0 leurs besoins non couverts et animer un r\u00e9seau pluridisciplinaire.<\/p><p>\u00a0<\/p><p><span style=\"color: #808080;\"><em>Les outils pour les adh\u00e9rents de l\u2019Alliance maladies rares :<\/em><\/span><\/p><ul><li><span style=\"color: #808080;\"><em>Atelier SHS du 30\/09\/2020 aux Universit\u00e9s d\u2019Automne<\/em><\/span><\/li><li><span style=\"color: #808080;\"><em>RDV web du 26\/11\/2020 \u2018Sciences humaines et sociales et Maladies rares\u2019<\/em><\/span><\/li><\/ul>\t\t\t\t\t\t\t\t<\/div>\n\t\t\t\t<\/div>\n\t\t\t\t\t<\/div>\n\t\t<\/div>\n\t\t\t\t\t<\/div>\n\t\t<\/section>\n\t\t\t\t<section class=\"elementor-section elementor-top-section elementor-element elementor-element-edd95a8 elementor-section-boxed elementor-section-height-default elementor-section-height-default\" data-id=\"edd95a8\" data-element_type=\"section\" data-e-type=\"section\">\n\t\t\t\t\t\t<div class=\"elementor-container elementor-column-gap-default\">\n\t\t\t\t\t<div class=\"elementor-column elementor-col-100 elementor-top-column elementor-element elementor-element-8a7e2c5\" data-id=\"8a7e2c5\" data-element_type=\"column\" data-e-type=\"column\">\n\t\t\t<div class=\"elementor-widget-wrap elementor-element-populated\">\n\t\t\t\t\t\t<div class=\"elementor-element elementor-element-e750b66 elementor-widget elementor-widget-image\" data-id=\"e750b66\" data-element_type=\"widget\" data-e-type=\"widget\" data-widget_type=\"image.default\">\n\t\t\t\t<div class=\"elementor-widget-container\">\n\t\t\t\t\t\t\t\t\t\t\t\t\t\t\t<img decoding=\"async\" src=\"https:\/\/guide-recherche-asso.info\/wp-content\/uploads\/2023\/01\/B4W-GDR-Banderole-Temoigner.png\" title=\"\" alt=\"\" loading=\"lazy\" \/>\t\t\t\t\t\t\t\t\t\t\t\t\t\t\t<\/div>\n\t\t\t\t<\/div>\n\t\t\t\t<div class=\"elementor-element elementor-element-12a6978 elementor-widget elementor-widget-text-editor\" data-id=\"12a6978\" data-element_type=\"widget\" data-e-type=\"widget\" data-widget_type=\"text-editor.default\">\n\t\t\t\t<div class=\"elementor-widget-container\">\n\t\t\t\t\t\t\t\t\t<p><em>T\u00e9moignages \u00e0 venir.<\/em><\/p><p><em>Si vous souhaitez t\u00e9moigner, n\u2019h\u00e9sitez pas \u00e0 nous contacter.<\/em><\/p>\t\t\t\t\t\t\t\t<\/div>\n\t\t\t\t<\/div>\n\t\t\t\t\t<\/div>\n\t\t<\/div>\n\t\t\t\t\t<\/div>\n\t\t<\/section>\n\t\t\t\t<\/div>\n\t\t","protected":false},"excerpt":{"rendered":"<p>Types et disciplineS Types Diff\u00e9rents types de recherche existent et se succ\u00e8dent dans la mise au point de solutions th\u00e9rapeutiques ou sociales :\u00a0 la recherche fondamentale a pour objectif l&rsquo;acquisition de nouvelles connaissances la recherche appliqu\u00e9e a pour objectif\u202fla mise au point de nouvelles solutions sur la base des connaissances acquises en recherche fondamentale la [&hellip;]<\/p>\n","protected":false},"author":1,"featured_media":0,"parent":0,"menu_order":0,"comment_status":"closed","ping_status":"closed","template":"","meta":{"footnotes":""},"class_list":["post-1812","page","type-page","status-publish","hentry"],"_links":{"self":[{"href":"https:\/\/guide-recherche-asso.info\/index.php\/wp-json\/wp\/v2\/pages\/1812","targetHints":{"allow":["GET"]}}],"collection":[{"href":"https:\/\/guide-recherche-asso.info\/index.php\/wp-json\/wp\/v2\/pages"}],"about":[{"href":"https:\/\/guide-recherche-asso.info\/index.php\/wp-json\/wp\/v2\/types\/page"}],"author":[{"embeddable":true,"href":"https:\/\/guide-recherche-asso.info\/index.php\/wp-json\/wp\/v2\/users\/1"}],"replies":[{"embeddable":true,"href":"https:\/\/guide-recherche-asso.info\/index.php\/wp-json\/wp\/v2\/comments?post=1812"}],"version-history":[{"count":25,"href":"https:\/\/guide-recherche-asso.info\/index.php\/wp-json\/wp\/v2\/pages\/1812\/revisions"}],"predecessor-version":[{"id":1940,"href":"https:\/\/guide-recherche-asso.info\/index.php\/wp-json\/wp\/v2\/pages\/1812\/revisions\/1940"}],"wp:attachment":[{"href":"https:\/\/guide-recherche-asso.info\/index.php\/wp-json\/wp\/v2\/media?parent=1812"}],"curies":[{"name":"wp","href":"https:\/\/api.w.org\/{rel}","templated":true}]}}