{"id":1831,"date":"2024-01-11T08:05:35","date_gmt":"2024-01-11T07:05:35","guid":{"rendered":"https:\/\/guide-recherche-asso.info\/?page_id=1831"},"modified":"2024-01-19T17:06:11","modified_gmt":"2024-01-19T16:06:11","slug":"orientations","status":"publish","type":"page","link":"https:\/\/guide-recherche-asso.info\/index.php\/orientations\/","title":{"rendered":"Orientations"},"content":{"rendered":"\t\t<div data-elementor-type=\"wp-page\" data-elementor-id=\"1831\" class=\"elementor elementor-1831\" data-elementor-post-type=\"page\">\n\t\t\t\t\t\t<section class=\"elementor-section elementor-top-section elementor-element elementor-element-a3a1945 elementor-section-boxed elementor-section-height-default elementor-section-height-default\" data-id=\"a3a1945\" data-element_type=\"section\" data-e-type=\"section\">\n\t\t\t\t\t\t<div class=\"elementor-container elementor-column-gap-default\">\n\t\t\t\t\t<div class=\"elementor-column elementor-col-100 elementor-top-column elementor-element elementor-element-0f87fcd\" data-id=\"0f87fcd\" data-element_type=\"column\" data-e-type=\"column\">\n\t\t\t<div class=\"elementor-widget-wrap elementor-element-populated\">\n\t\t\t\t\t\t<div class=\"elementor-element elementor-element-d5ec519 elementor-widget elementor-widget-heading\" data-id=\"d5ec519\" data-element_type=\"widget\" data-e-type=\"widget\" data-widget_type=\"heading.default\">\n\t\t\t\t<div class=\"elementor-widget-container\">\n\t\t\t\t\t<h2 class=\"elementor-heading-title elementor-size-default\">Orienter et programmer la recherche publique<\/h2>\t\t\t\t<\/div>\n\t\t\t\t<\/div>\n\t\t\t\t\t<\/div>\n\t\t<\/div>\n\t\t\t\t\t<\/div>\n\t\t<\/section>\n\t\t\t\t<section class=\"elementor-section elementor-top-section elementor-element elementor-element-e4a9fef elementor-section-boxed elementor-section-height-default elementor-section-height-default\" data-id=\"e4a9fef\" data-element_type=\"section\" data-e-type=\"section\">\n\t\t\t\t\t\t<div class=\"elementor-container elementor-column-gap-default\">\n\t\t\t\t\t<div class=\"elementor-column elementor-col-100 elementor-top-column elementor-element elementor-element-7ae6e5b\" data-id=\"7ae6e5b\" data-element_type=\"column\" data-e-type=\"column\">\n\t\t\t<div class=\"elementor-widget-wrap elementor-element-populated\">\n\t\t\t\t\t\t<div class=\"elementor-element elementor-element-4b53ee5 elementor-widget elementor-widget-image\" data-id=\"4b53ee5\" data-element_type=\"widget\" data-e-type=\"widget\" data-widget_type=\"image.default\">\n\t\t\t\t<div class=\"elementor-widget-container\">\n\t\t\t\t\t\t\t\t\t\t\t\t\t\t\t<img decoding=\"async\" src=\"https:\/\/guide-recherche-asso.info\/wp-content\/uploads\/2023\/01\/B4W-GDR-Banderole-Comprendre.png\" title=\"\" alt=\"\" loading=\"lazy\" \/>\t\t\t\t\t\t\t\t\t\t\t\t\t\t\t<\/div>\n\t\t\t\t<\/div>\n\t\t\t\t\t<\/div>\n\t\t<\/div>\n\t\t\t\t\t<\/div>\n\t\t<\/section>\n\t\t\t\t<section class=\"elementor-section elementor-top-section elementor-element elementor-element-fa49bbe elementor-section-boxed elementor-section-height-default elementor-section-height-default\" data-id=\"fa49bbe\" data-element_type=\"section\" data-e-type=\"section\">\n\t\t\t\t\t\t<div class=\"elementor-container elementor-column-gap-default\">\n\t\t\t\t\t<div class=\"elementor-column elementor-col-100 elementor-top-column elementor-element elementor-element-9ce240c\" data-id=\"9ce240c\" data-element_type=\"column\" data-e-type=\"column\">\n\t\t\t<div class=\"elementor-widget-wrap elementor-element-populated\">\n\t\t\t\t\t\t<div class=\"elementor-element elementor-element-ba83b5b elementor-widget elementor-widget-text-editor\" data-id=\"ba83b5b\" data-element_type=\"widget\" data-e-type=\"widget\" data-widget_type=\"text-editor.default\">\n\t\t\t\t<div class=\"elementor-widget-container\">\n\t\t\t\t\t\t\t\t\t<p>L&rsquo;orientation de la recherche est la d\u00e9finition de la politique publique de recherche, de ses objectifs g\u00e9n\u00e9raux et de son budget global. Elle est plac\u00e9e sous l&rsquo;\u00e9gide du minist\u00e8re de l\u2019Enseignement Sup\u00e9rieur, de la Recherche et de l\u2019Innovation (MESRI), aid\u00e9 du Conseil Strat\u00e9gique de la Recherche (CSR) et du Haut Conseil de la Science et de la Technologie (HCST).\u00a0<\/p><p>La programmation est la formulation des priorit\u00e9s th\u00e9matiques et l&rsquo;affectation subs\u00e9quente des ressources.<\/p><p>Plusieurs dispositifs participent de l\u2019orientation et de la programmation de la recherche publique fran\u00e7aise.<\/p><p>\u00a0<\/p><p>La loi de programmation de la recherche pour les ann\u00e9es 2021 \u00e0 2030 a \u00e9t\u00e9 initi\u00e9e d\u00e8s 2019.<\/p><p><span style=\"color: #999999;\"><em>Pour en savoir plus :\u00a0<\/em><a style=\"color: #999999;\" href=\"https:\/\/www.enseignementsup-recherche.gouv.fr\/fr\/lpr-les-principales-dispositions-de-la-loi-49691\"><em>https:\/\/www.enseignementsup-recherche.gouv.fr\/fr\/lpr-les-principales-dispositions-de-la-loi-49691<\/em><\/a><\/span><\/p><p>\u00a0<\/p><p>Le quatri\u00e8me PIA (<a href=\"https:\/\/www.gouvernement.fr\/sites\/default\/files\/contenu\/piece-jointe\/2021\/01\/20210108_dp_programme_dinvestissements_davenir_vdef.pdf\" target=\"_blank\" rel=\"noopener\">Plan d&rsquo;Investissement d&rsquo;Avenir<\/a>) a \u00e9t\u00e9 lanc\u00e9 en 2021.<\/p><p>\u00a0<\/p><p>Les alliances th\u00e9matiques de recherche (AVIESAN pour les Sciences de la Vie et de la Sant\u00e9 &#8211; ATHENA pour les SHS) ont pour but principal de coordonner les priorit\u00e9s de la recherche en lien avec le MESRI et l&rsquo;ANR.<\/p><p>\u00a0<\/p><p>Les plans nationaux maladies rares (PNMR) ont eu un r\u00f4le important et structurant pour la recherche. Ainsi, la Fondation Maladies Rares a \u00e9t\u00e9 cr\u00e9\u00e9e au travers du PNMR2. Le PNMR3 a permis d\u2019impulser un nouvel \u00e9lan pour la recherche sur les maladies rares, au sein <a href=\"https:\/\/www.filieresmaladiesrares.fr\/\" target=\"_blank\" rel=\"noopener\">des fili\u00e8res de sant\u00e9 maladies rares<\/a>\u00a0et des centres de r\u00e9f\u00e9rence, tout en int\u00e9grant les enjeux internationaux.<\/p><p>\u00a0<\/p><p>Horizon Europe est le \u00ab\u00a0programme-cadre\u00a0\u00bb de recherche et d&rsquo;innovation de l&rsquo;Union europ\u00e9enne. Son objectif est d&rsquo;\u00e9laborer des solutions pour r\u00e9pondre \u00e0 des priorit\u00e9s politiques. A ce niveau europ\u00e9en, le \u00ab\u00a0European Joint Programme on Rare Diseases\u00a0\u00bb (<a href=\"https:\/\/www.ejprarediseases.org\/\" target=\"_blank\" rel=\"noopener\">EJP-RD<\/a>) a vis\u00e9 \u00e0 stimuler, coordonner et financer un tr\u00e8s gros effort de recherche sur les maladies rares. Il devrait se poursuivre via le futur programme ERDERA (\u00ab\u00a0European Rare Diseases Research Alliance\u00a0\u00bb), programme de 7 ans d\u00e9marrant en 2024.<\/p><p>\u00a0<\/p><p>Le Consortium international de recherche sur les maladies rares (<a href=\"http:\/\/www.irdirc.org\/\">IRDiRC<\/a>) a pour objectif de favoriser la collaboration internationale en mati\u00e8re de recherche sur les maladies rares et \u00e9labore r\u00e9guli\u00e8rement des recommandations.<\/p><p>\u00a0<\/p><p><em>Note\u00a0: les axes de recherche des entreprises du m\u00e9dicament sont d\u00e9cid\u00e9s en fonction des avanc\u00e9es de la recherche fondamentale, des besoins m\u00e9dicaux exprim\u00e9s et de la strat\u00e9gie de l\u2019entreprise.<\/em><\/p>\t\t\t\t\t\t\t\t<\/div>\n\t\t\t\t<\/div>\n\t\t\t\t\t<\/div>\n\t\t<\/div>\n\t\t\t\t\t<\/div>\n\t\t<\/section>\n\t\t\t\t<section class=\"elementor-section elementor-top-section elementor-element elementor-element-f114759 elementor-section-boxed elementor-section-height-default elementor-section-height-default\" data-id=\"f114759\" data-element_type=\"section\" data-e-type=\"section\">\n\t\t\t\t\t\t<div class=\"elementor-container elementor-column-gap-default\">\n\t\t\t\t\t<div class=\"elementor-column elementor-col-100 elementor-top-column elementor-element elementor-element-ea17fc6\" data-id=\"ea17fc6\" data-element_type=\"column\" data-e-type=\"column\">\n\t\t\t<div class=\"elementor-widget-wrap elementor-element-populated\">\n\t\t\t\t\t\t<div class=\"elementor-element elementor-element-ffede38 elementor-widget elementor-widget-image\" data-id=\"ffede38\" data-element_type=\"widget\" data-e-type=\"widget\" data-widget_type=\"image.default\">\n\t\t\t\t<div class=\"elementor-widget-container\">\n\t\t\t\t\t\t\t\t\t\t\t\t\t\t\t<img decoding=\"async\" src=\"https:\/\/guide-recherche-asso.info\/wp-content\/uploads\/2023\/01\/B4W-GDR-Banderole-Simpliquer.png\" title=\"\" alt=\"\" loading=\"lazy\" \/>\t\t\t\t\t\t\t\t\t\t\t\t\t\t\t<\/div>\n\t\t\t\t<\/div>\n\t\t\t\t<div class=\"elementor-element elementor-element-dd907f4 elementor-widget elementor-widget-text-editor\" data-id=\"dd907f4\" data-element_type=\"widget\" data-e-type=\"widget\" data-widget_type=\"text-editor.default\">\n\t\t\t\t<div class=\"elementor-widget-container\">\n\t\t\t\t\t\t\t\t\t<p><strong>Participer aux instances d\u2019orientation et de programmation<\/strong><\/p><p>De nombreuses instances et dispositifs s\u2019appuient sur des associations de patients dans leurs r\u00e9flexions (PNMR, IRDiRC\u2026). Il y a donc une opportunit\u00e9 de participer \u00e0 leurs travaux, soit directement, soit en vous rapprochant de structures ombrelles telles que l\u2019Alliance maladies rares ou Eurordis.<\/p>\t\t\t\t\t\t\t\t<\/div>\n\t\t\t\t<\/div>\n\t\t\t\t<div class=\"elementor-element elementor-element-c1f419c elementor-widget elementor-widget-text-editor\" data-id=\"c1f419c\" data-element_type=\"widget\" data-e-type=\"widget\" data-widget_type=\"text-editor.default\">\n\t\t\t\t<div class=\"elementor-widget-container\">\n\t\t\t\t\t\t\t\t\t<p><strong>Sensibiliser et rassembler les chercheurs pour orienter leurs travaux<\/strong><\/p><p>Les associations peuvent s&rsquo;impliquer dans l&rsquo;expression directe, aupr\u00e8s des chercheurs, des probl\u00e9matiques que rencontrent les personnes malades dans leur parcours de soin et de vie. La formulation de ces probl\u00e9matiques est la premi\u00e8re \u00e9tape indispensable pour attirer l&rsquo;attention des chercheurs sur ces besoins non couverts et <a href=\"https:\/\/guide-recherche-asso.info\/index.php\/objectifs\/\" target=\"_blank\" rel=\"noopener\">initier<\/a> des travaux de recherche. Il s\u2019agira ensuite de communiquer ces besoins aux chercheurs et de rassembler la communaut\u00e9 sur ces probl\u00e9matiques. Plusieurs outils peuvent \u00eatre mobilis\u00e9s pour informer et rassembler\u00a0:<\/p><ul><li>Participation aux colloques scientifiques du domaine<\/li><li>Organisation d\u2019un colloque scientifique<\/li><li>Conseil scientifique de l\u2019association<\/li><li>Contact direct d&rsquo;un chercheur ayant une expertise d&rsquo;int\u00e9r\u00eat, \u00e0 l&rsquo;occasion d&rsquo;une de ses publications par ex.<\/li><li>Lancement d&rsquo;un appel \u00e0 manifestation d&rsquo;int\u00e9r\u00eat voire d&rsquo;un appel \u00e0 projets.<\/li><\/ul><p><em>\u00a0<\/em><\/p><p><span style=\"color: #999999;\"><em>Les outils pour les adh\u00e9rents de l\u2019Alliance maladies rares\u00a0:<\/em><\/span><\/p><ul><li><span style=\"color: #999999;\"><em>RDV web du 02\/07\/2019\u00a0: Comment animer un conseil scientifique\u00a0?<\/em><\/span><\/li><li><span style=\"color: #999999;\"><em>RDV web du 26\/03\/2020\u00a0: Soutenir un jeune chercheur<\/em><\/span><\/li><li><span style=\"color: #999999;\"><em>RDV web du 23\/06\/2021\u00a0: Comment identifier et se connecter avec les chercheurs\u00a0?<\/em><\/span><\/li><li><span style=\"color: #999999;\"><em>RDV web du 22\/10\/2021\u00a0: Comment organiser un colloque scientifique\u00a0?<\/em><\/span><\/li><\/ul>\t\t\t\t\t\t\t\t<\/div>\n\t\t\t\t<\/div>\n\t\t\t\t\t<\/div>\n\t\t<\/div>\n\t\t\t\t\t<\/div>\n\t\t<\/section>\n\t\t\t\t<section class=\"elementor-section elementor-top-section elementor-element elementor-element-edd95a8 elementor-section-boxed elementor-section-height-default elementor-section-height-default\" data-id=\"edd95a8\" data-element_type=\"section\" data-e-type=\"section\">\n\t\t\t\t\t\t<div class=\"elementor-container elementor-column-gap-default\">\n\t\t\t\t\t<div class=\"elementor-column elementor-col-100 elementor-top-column elementor-element elementor-element-8a7e2c5\" data-id=\"8a7e2c5\" data-element_type=\"column\" data-e-type=\"column\">\n\t\t\t<div class=\"elementor-widget-wrap elementor-element-populated\">\n\t\t\t\t\t\t<div class=\"elementor-element elementor-element-e750b66 elementor-widget elementor-widget-image\" data-id=\"e750b66\" data-element_type=\"widget\" data-e-type=\"widget\" data-widget_type=\"image.default\">\n\t\t\t\t<div class=\"elementor-widget-container\">\n\t\t\t\t\t\t\t\t\t\t\t\t\t\t\t<img decoding=\"async\" src=\"https:\/\/guide-recherche-asso.info\/wp-content\/uploads\/2023\/01\/B4W-GDR-Banderole-Temoigner.png\" title=\"\" alt=\"\" loading=\"lazy\" \/>\t\t\t\t\t\t\t\t\t\t\t\t\t\t\t<\/div>\n\t\t\t\t<\/div>\n\t\t\t\t<div class=\"elementor-element elementor-element-12a6978 elementor-widget elementor-widget-text-editor\" data-id=\"12a6978\" data-element_type=\"widget\" data-e-type=\"widget\" data-widget_type=\"text-editor.default\">\n\t\t\t\t<div class=\"elementor-widget-container\">\n\t\t\t\t\t\t\t\t\t<p><em>T\u00e9moignages \u00e0 venir.<\/em><\/p><p><em>Si vous souhaitez t\u00e9moigner, n\u2019h\u00e9sitez pas \u00e0 nous contacter.<\/em><\/p>\t\t\t\t\t\t\t\t<\/div>\n\t\t\t\t<\/div>\n\t\t\t\t\t<\/div>\n\t\t<\/div>\n\t\t\t\t\t<\/div>\n\t\t<\/section>\n\t\t\t\t<\/div>\n\t\t","protected":false},"excerpt":{"rendered":"<p>Orienter et programmer la recherche publique L&rsquo;orientation de la recherche est la d\u00e9finition de la politique publique de recherche, de ses objectifs g\u00e9n\u00e9raux et de son budget global. Elle est plac\u00e9e sous l&rsquo;\u00e9gide du minist\u00e8re de l\u2019Enseignement Sup\u00e9rieur, de la Recherche et de l\u2019Innovation (MESRI), aid\u00e9 du Conseil Strat\u00e9gique de la Recherche (CSR) et du [&hellip;]<\/p>\n","protected":false},"author":1,"featured_media":0,"parent":0,"menu_order":0,"comment_status":"closed","ping_status":"closed","template":"","meta":{"footnotes":""},"class_list":["post-1831","page","type-page","status-publish","hentry"],"_links":{"self":[{"href":"https:\/\/guide-recherche-asso.info\/index.php\/wp-json\/wp\/v2\/pages\/1831","targetHints":{"allow":["GET"]}}],"collection":[{"href":"https:\/\/guide-recherche-asso.info\/index.php\/wp-json\/wp\/v2\/pages"}],"about":[{"href":"https:\/\/guide-recherche-asso.info\/index.php\/wp-json\/wp\/v2\/types\/page"}],"author":[{"embeddable":true,"href":"https:\/\/guide-recherche-asso.info\/index.php\/wp-json\/wp\/v2\/users\/1"}],"replies":[{"embeddable":true,"href":"https:\/\/guide-recherche-asso.info\/index.php\/wp-json\/wp\/v2\/comments?post=1831"}],"version-history":[{"count":28,"href":"https:\/\/guide-recherche-asso.info\/index.php\/wp-json\/wp\/v2\/pages\/1831\/revisions"}],"predecessor-version":[{"id":2040,"href":"https:\/\/guide-recherche-asso.info\/index.php\/wp-json\/wp\/v2\/pages\/1831\/revisions\/2040"}],"wp:attachment":[{"href":"https:\/\/guide-recherche-asso.info\/index.php\/wp-json\/wp\/v2\/media?parent=1831"}],"curies":[{"name":"wp","href":"https:\/\/api.w.org\/{rel}","templated":true}]}}