{"id":431,"date":"2023-01-16T17:19:34","date_gmt":"2023-01-16T16:19:34","guid":{"rendered":"https:\/\/guide-recherche-asso.info\/?page_id=431"},"modified":"2023-01-22T12:03:12","modified_gmt":"2023-01-22T11:03:12","slug":"mentions-legales","status":"publish","type":"page","link":"https:\/\/guide-recherche-asso.info\/index.php\/mentions-legales\/","title":{"rendered":"Mentions l\u00e9gales"},"content":{"rendered":"\t\t<div data-elementor-type=\"wp-page\" data-elementor-id=\"431\" class=\"elementor elementor-431\" data-elementor-post-type=\"page\">\n\t\t\t\t\t\t<section class=\"elementor-section elementor-top-section elementor-element elementor-element-68947dab elementor-section-boxed elementor-section-height-default elementor-section-height-default\" data-id=\"68947dab\" data-element_type=\"section\" data-e-type=\"section\">\n\t\t\t\t\t\t<div class=\"elementor-container elementor-column-gap-default\">\n\t\t\t\t\t<div class=\"elementor-column elementor-col-100 elementor-top-column elementor-element elementor-element-7c306d77\" data-id=\"7c306d77\" data-element_type=\"column\" data-e-type=\"column\">\n\t\t\t<div class=\"elementor-widget-wrap elementor-element-populated\">\n\t\t\t\t\t\t<div class=\"elementor-element elementor-element-1af3e8d6 elementor-widget elementor-widget-text-editor\" data-id=\"1af3e8d6\" data-element_type=\"widget\" data-e-type=\"widget\" data-widget_type=\"text-editor.default\">\n\t\t\t\t<div class=\"elementor-widget-container\">\n\t\t\t\t\t\t\t\t\t<h2>Editeur du site<\/h2><p style=\"color: black;\">Le site https:\/\/guide-recherche-asso.info est \u00e9dit\u00e9 par\u00a0<a href=\"https:\/\/alliance-maladies-rares.org\/\" target=\"_blank\" rel=\"noopener\">Alliance maladies rares<\/a><\/p><h2>Immatriculation<\/h2><h4 style=\"color: black;\" align=\"justify\">Alliance maladies rares<\/h4><p style=\"color: black;\" align=\"justify\">Association loi 1901<\/p><p style=\"color: black;\" align=\"justify\">96 rue Didot<\/p><p style=\"color: black;\" align=\"justify\">75014 Paris<\/p><p style=\"color: black;\" align=\"justify\">France<\/p><h2>Directrice de publication<\/h2><p style=\"color: black;\" align=\"justify\">Mme Laura Benkemoun, Conseill\u00e8re recherche aupr\u00e8s des associations<\/p><p style=\"color: black;\" align=\"justify\">Fondation Maladies Rares<\/p><p style=\"color: black;\" align=\"justify\"><a href=\"mailto:guide.recherche.asso@gmail.com\">Contact<\/a><\/p><h2>Conception et r\u00e9alisation<\/h2><p style=\"color: black;\" align=\"justify\">Bertrand Faurie<\/p><p style=\"color: black;\" align=\"justify\"><a href=\"http:\/\/www.bio4web.com\" target=\"_blank\" rel=\"noopener\">www.bio4web.com<\/a><\/p><p style=\"color: black;\" align=\"justify\">60, route des Rouquettes<br \/>24680 Lamonzie Saint Martin<\/p><p style=\"color: black;\" align=\"justify\"><a href=\"mailto:bioforweb@gmail.com\">Contact<\/a><\/p><h2>H\u00e9bergement<\/h2><p style=\"color: black;\" align=\"justify\">OVH<\/p><p style=\"color: black;\" align=\"justify\">2 rue Kellerman<\/p><p style=\"color: black;\" align=\"justify\">59512 Roubaix<br \/>France<\/p><p style=\"color: black;\" align=\"justify\">conseiller.commercial@ovh.net<\/p><p style=\"color: black;\" align=\"justify\"><a href=\"https:\/\/www.ovhcloud.com\/fr\/\" target=\"_blank\" rel=\"noopener\">Siret de l\u2019h\u00e9bergeur<\/a><\/p><h2>Conditions g\u00e9n\u00e9rales d&rsquo;utilisation<\/h2><p style=\"color: black;\" align=\"justify\">L\u2019utilisation du pr\u00e9sent site implique l\u2019acceptation pleine et enti\u00e8re des conditions g\u00e9n\u00e9rales d\u2019utilisation d\u00e9crites ci-apr\u00e8s. Ces conditions d\u2019utilisation sont susceptibles d\u2019\u00eatre modifi\u00e9es ou compl\u00e9t\u00e9es \u00e0 tout moment.<\/p><h2>Information<\/h2><p style=\"color: black;\" align=\"justify\">Les informations et documents contenues dans ce site sont non contractuelles, sujettes \u00e0 modification sans pr\u00e9avis et ne peuvent engager la responsabilit\u00e9 du propri\u00e9taire du site.<br \/>Le propri\u00e9taire du site ne peut \u00eatre tenu responsable des dommages directs et indirects cons\u00e9cutifs \u00e0 l\u2019acc\u00e8s au site.<\/p><h2>Reproduction<\/h2><p style=\"color: black;\" align=\"justify\">Toute reproduction ou repr\u00e9sentation, en tout ou partie, \u00e0 d\u2019autres fins sur un quelconque support, est interdite sans l\u2019autorisation expresse et pr\u00e9alable du propri\u00e9taire du site, constituerait une contrefa\u00e7on au sens des articles L 335-2 et suivants du code de la propri\u00e9t\u00e9 intellectuelle. Le nonrespect de cette interdiction constitue une contrefa\u00e7on pouvant engager la responsabilit\u00e9 civile et p\u00e9nale du contrefacteur.<\/p><h2>Propri\u00e9t\u00e9 intellectuelle<\/h2><p style=\"color: black;\" align=\"justify\">Sauf mention contraire, tous les \u00e9l\u00e9ments accessibles sur le site (textes, images, graphismes, logo, ic\u00f4nes, sons, logiciels, etc.) restent la propri\u00e9t\u00e9 exclusive de leurs auteurs, en ce qui concerne les droits de propri\u00e9t\u00e9 intellectuelle ou les droits d\u2019usage.<br \/>Articles L111-1 et suivants du Code de la Propri\u00e9t\u00e9 Intellectuelle du 1er juillet 1992<br \/>Toute exploitation non autoris\u00e9e du site ou de l\u2019un quelconque des \u00e9l\u00e9ments qu\u2019il contient est consid\u00e9r\u00e9e comme constitutive d\u2019une contrefa\u00e7on et passible de poursuites.<br \/>Article 41 de la loi du 11 mars 1957.<br \/>Article L. 226-13 du Code p\u00e9nal et la Directive Europ\u00e9enne du 24 octobre 1995.<\/p><h2>Liens<\/h2><h6>Liens sortants<\/h6><p style=\"color: black;\" align=\"justify\">Le propri\u00e9taire du site d\u00e9cline toute responsabilit\u00e9 et n\u2019est pas engag\u00e9 par le r\u00e9f\u00e9rencement via des liens hypertextes, de ressources tierces pr\u00e9sentes sur le r\u00e9seau Internet, tant en ce qui concerne leur contenu que leur pertinence.<\/p><h6>Liens entrants<\/h6><p style=\"color: black;\" align=\"justify\">Le propri\u00e9taire du site autorise les liens hypertextes vers l\u2019une des pages de ce site, \u00e0 condition que ceux-ci ouvrent une nouvelle fen\u00eatre et soient pr\u00e9sent\u00e9s de mani\u00e8re non \u00e9quivoque afin d\u2019\u00e9viter : tout risque de confusion entre le site citant et le propri\u00e9taire du site ainsi que toute pr\u00e9sentation tendancieuse, ou contraire aux lois en vigueur.<br \/>Le propri\u00e9taire du site se r\u00e9serve le droit de demander la suppression d\u2019un lien s\u2019il estime que le site source ne respecte pas les r\u00e8gles ainsi d\u00e9finies.<\/p><h2><em style=\"color: black; font-weight: 400; font-size: 1rem;\">Mentions l\u00e9gales fournies par Web Essentiel.<\/em><\/h2><p style=\"color: black;\" align=\"justify\"><em>L\u2019utilisation du g\u00e9n\u00e9rateur de mentions l\u00e9gales est gratuit et libre sous condition de respecter la cr\u00e9ditation en laissant cette mention.<\/em><br \/><em>Par ce geste, vous r\u00e9tribuez le travail fourni pour le d\u00e9veloppement de cet outil<\/em><\/p>\t\t\t\t\t\t\t\t<\/div>\n\t\t\t\t<\/div>\n\t\t\t\t\t<\/div>\n\t\t<\/div>\n\t\t\t\t\t<\/div>\n\t\t<\/section>\n\t\t\t\t<\/div>\n\t\t","protected":false},"excerpt":{"rendered":"<p>Editeur du site Le site https:\/\/guide-recherche-asso.info est \u00e9dit\u00e9 par\u00a0Alliance maladies rares Immatriculation Alliance maladies rares Association loi 1901 96 rue Didot 75014 Paris France Directrice de publication Mme Laura Benkemoun, Conseill\u00e8re recherche aupr\u00e8s des associations Fondation Maladies Rares Contact Conception et r\u00e9alisation Bertrand Faurie www.bio4web.com 60, route des Rouquettes24680 Lamonzie Saint Martin Contact H\u00e9bergement OVH [&hellip;]<\/p>\n","protected":false},"author":1,"featured_media":0,"parent":0,"menu_order":0,"comment_status":"closed","ping_status":"closed","template":"","meta":{"footnotes":""},"class_list":["post-431","page","type-page","status-publish","hentry"],"_links":{"self":[{"href":"https:\/\/guide-recherche-asso.info\/index.php\/wp-json\/wp\/v2\/pages\/431","targetHints":{"allow":["GET"]}}],"collection":[{"href":"https:\/\/guide-recherche-asso.info\/index.php\/wp-json\/wp\/v2\/pages"}],"about":[{"href":"https:\/\/guide-recherche-asso.info\/index.php\/wp-json\/wp\/v2\/types\/page"}],"author":[{"embeddable":true,"href":"https:\/\/guide-recherche-asso.info\/index.php\/wp-json\/wp\/v2\/users\/1"}],"replies":[{"embeddable":true,"href":"https:\/\/guide-recherche-asso.info\/index.php\/wp-json\/wp\/v2\/comments?post=431"}],"version-history":[{"count":49,"href":"https:\/\/guide-recherche-asso.info\/index.php\/wp-json\/wp\/v2\/pages\/431\/revisions"}],"predecessor-version":[{"id":825,"href":"https:\/\/guide-recherche-asso.info\/index.php\/wp-json\/wp\/v2\/pages\/431\/revisions\/825"}],"wp:attachment":[{"href":"https:\/\/guide-recherche-asso.info\/index.php\/wp-json\/wp\/v2\/media?parent=431"}],"curies":[{"name":"wp","href":"https:\/\/api.w.org\/{rel}","templated":true}]}}